{"id":945,"date":"2016-07-15T14:16:43","date_gmt":"2016-07-15T14:16:43","guid":{"rendered":"http:\/\/test.kriesi.at\/enfold-medical\/?page_id=945"},"modified":"2022-05-16T10:23:04","modified_gmt":"2022-05-16T09:23:04","slug":"news","status":"publish","type":"page","link":"https:\/\/myquickmessage.com\/?page_id=945","title":{"rendered":"Referenzen"},"content":{"rendered":"\n<style type=\"text\/css\" data-created_by=\"avia_inline_auto\" id=\"style-css-av-vf4p-879a25f54e0dc747f244241e51110ccf\">\n.avia-section.av-vf4p-879a25f54e0dc747f244241e51110ccf .av-parallax .av-parallax-inner{\nbackground-repeat:no-repeat;\nbackground-image:url(https:\/\/myquickmessage.com\/wp-content\/uploads\/2019\/08\/SAM_4886-bearbeitet-Ausschnitt.jpg);\nbackground-position:50% 0%;\nbackground-attachment:scroll;\n}\n<\/style>\n<div id='av_section_1'  class='avia-section av-vf4p-879a25f54e0dc747f244241e51110ccf main_color avia-section-default avia-no-border-styling  avia-builder-el-0  el_before_av_one_full  avia-builder-el-first  avia-full-stretch av-parallax-section avia-bg-style-parallax container_wrap fullsize'  data-section-bg-repeat='stretch'><div class='av-parallax' data-avia-parallax-ratio='0.3' ><div class='av-parallax-inner main_color avia-full-stretch'><\/div><\/div><div class='container av-section-cont-open' ><main  role=\"main\" itemprop=\"mainContentOfPage\"  class='template-page content  av-content-full alpha units'><div class='post-entry post-entry-type-page post-entry-945'><div class='entry-content-wrapper clearfix'>\n\n<style type=\"text\/css\" data-created_by=\"avia_inline_auto\" id=\"style-css-sub-av-jysk4fdw-4fbe07b1965e9575bbc428538186c17b\">\n.av-hotspot-image-container .av-image-hotspot.av-7urqp-dc09dfe243776e545b7b79dc9459ac7d{\ntop:20.5%;\nleft:30.9%;\n}\n.av-hotspot-image-container .av-image-hotspot.av-7urqp-dc09dfe243776e545b7b79dc9459ac7d .av-image-hotspot_inner{\nbackground-color:#ff8c5b;\ncolor:#4b7cd1;\n}\n.av-hotspot-image-container .av-image-hotspot.av-7urqp-dc09dfe243776e545b7b79dc9459ac7d .av-image-hotspot-pulse{\nbackground-color:#ff8c5b;\n}\n.av-hotspot-image-container .av-image-hotspot.av-1qtkmh-ea13272cd4336725d670abc146f458bc{\ntop:31.5%;\nleft:18.4%;\n}\n.av-hotspot-image-container .av-image-hotspot.av-1qtkmh-ea13272cd4336725d670abc146f458bc .av-image-hotspot_inner{\nbackground-color:#ff8c5b;\ncolor:#888888;\n}\n.av-hotspot-image-container .av-image-hotspot.av-1qtkmh-ea13272cd4336725d670abc146f458bc .av-image-hotspot-pulse{\nbackground-color:#ff8c5b;\n}\n.av-hotspot-image-container .av-image-hotspot.av-98ax5-e367385dfc63eef85caba6254ca2a07e{\ntop:32%;\nleft:56.9%;\n}\n.av-hotspot-image-container .av-image-hotspot.av-98ax5-e367385dfc63eef85caba6254ca2a07e .av-image-hotspot_inner{\nbackground-color:#ff8c5b;\ncolor:#888888;\n}\n.av-hotspot-image-container .av-image-hotspot.av-98ax5-e367385dfc63eef85caba6254ca2a07e .av-image-hotspot-pulse{\nbackground-color:#ff8c5b;\n}\n.av-hotspot-image-container .av-image-hotspot.av-1f68y1-1021f1e3c3ca86ff4808b692e0438daf{\ntop:43%;\nleft:4.6%;\n}\n.av-hotspot-image-container .av-image-hotspot.av-1f68y1-1021f1e3c3ca86ff4808b692e0438daf .av-image-hotspot_inner{\nbackground-color:#ff8c5b;\ncolor:#888888;\n}\n.av-hotspot-image-container .av-image-hotspot.av-1f68y1-1021f1e3c3ca86ff4808b692e0438daf .av-image-hotspot-pulse{\nbackground-color:#ff8c5b;\n}\n.av-hotspot-image-container .av-image-hotspot.av-16u4xl-42a37f4b5283fad8ab3ef5b12c7fc665{\ntop:43.1%;\nleft:42.9%;\n}\n.av-hotspot-image-container .av-image-hotspot.av-16u4xl-42a37f4b5283fad8ab3ef5b12c7fc665 .av-image-hotspot_inner{\nbackground-color:#ff8c5b;\ncolor:#888888;\n}\n.av-hotspot-image-container .av-image-hotspot.av-16u4xl-42a37f4b5283fad8ab3ef5b12c7fc665 .av-image-hotspot-pulse{\nbackground-color:#ff8c5b;\n}\n.av-hotspot-image-container .av-image-hotspot.av-12q489-f311b1070c67d14c5f28847c6a2447ae{\ntop:55.1%;\nleft:9.9%;\n}\n.av-hotspot-image-container .av-image-hotspot.av-12q489-f311b1070c67d14c5f28847c6a2447ae .av-image-hotspot_inner{\nbackground-color:#ff8c5b;\ncolor:#888888;\n}\n.av-hotspot-image-container .av-image-hotspot.av-12q489-f311b1070c67d14c5f28847c6a2447ae .av-image-hotspot-pulse{\nbackground-color:#ff8c5b;\n}\n.av-hotspot-image-container .av-image-hotspot.av-xp40x-3a3bfeba67b04a285d735cd2be545fd3{\ntop:55.1%;\nleft:52.5%;\n}\n.av-hotspot-image-container .av-image-hotspot.av-xp40x-3a3bfeba67b04a285d735cd2be545fd3 .av-image-hotspot_inner{\nbackground-color:#ff8c5b;\ncolor:#888888;\n}\n.av-hotspot-image-container .av-image-hotspot.av-xp40x-3a3bfeba67b04a285d735cd2be545fd3 .av-image-hotspot-pulse{\nbackground-color:#ff8c5b;\n}\n.av-hotspot-image-container .av-image-hotspot.av-sbhch-21a9096d6603a77f8f598b0d4ab8a124{\ntop:66.7%;\nleft:15.2%;\n}\n.av-hotspot-image-container .av-image-hotspot.av-sbhch-21a9096d6603a77f8f598b0d4ab8a124 .av-image-hotspot_inner{\nbackground-color:#ff8c5b;\ncolor:#888888;\n}\n.av-hotspot-image-container .av-image-hotspot.av-sbhch-21a9096d6603a77f8f598b0d4ab8a124 .av-image-hotspot-pulse{\nbackground-color:#ff8c5b;\n}\n.av-hotspot-image-container .av-image-hotspot.av-kupf5-749dd5b1a1a09d8da20350b4d61c0771{\ntop:67%;\nleft:55.7%;\n}\n.av-hotspot-image-container .av-image-hotspot.av-kupf5-749dd5b1a1a09d8da20350b4d61c0771 .av-image-hotspot_inner{\nbackground-color:#ff8c5b;\ncolor:#888888;\n}\n.av-hotspot-image-container .av-image-hotspot.av-kupf5-749dd5b1a1a09d8da20350b4d61c0771 .av-image-hotspot-pulse{\nbackground-color:#ff8c5b;\n}\n.av-hotspot-image-container .av-image-hotspot.av-gtmfd-2ef6fba4ab08d33b594b1d9cc318ab5b{\ntop:78.1%;\nleft:30.9%;\n}\n.av-hotspot-image-container .av-image-hotspot.av-gtmfd-2ef6fba4ab08d33b594b1d9cc318ab5b .av-image-hotspot_inner{\nbackground-color:#ff8c5b;\ncolor:#888888;\n}\n.av-hotspot-image-container .av-image-hotspot.av-gtmfd-2ef6fba4ab08d33b594b1d9cc318ab5b .av-image-hotspot-pulse{\nbackground-color:#ff8c5b;\n}\n.av-hotspot-image-container .av-image-hotspot.av-93gjd-4304e75bbe34812c0b69372eb4e17807{\ntop:90.2%;\nleft:39.6%;\n}\n.av-hotspot-image-container .av-image-hotspot.av-93gjd-4304e75bbe34812c0b69372eb4e17807 .av-image-hotspot_inner{\nbackground-color:#ff8c5b;\ncolor:#888888;\n}\n.av-hotspot-image-container .av-image-hotspot.av-93gjd-4304e75bbe34812c0b69372eb4e17807 .av-image-hotspot-pulse{\nbackground-color:#ff8c5b;\n}\n<\/style>\n<div  class='av-hotspot-image-container av-jysk4fdw-4fbe07b1965e9575bbc428538186c17b  avia-builder-el-1  avia-builder-el-no-sibling  av-hotspot-blank avia_animated_image avia_animate_when_almost_visible pop-up av-mobile-fallback-active  av-non-fullwidth-hotspot-image'  itemprop=\"image\" itemscope=\"itemscope\" itemtype=\"https:\/\/schema.org\/ImageObject\" ><div class='av-hotspot-container'><div class='av-hotspot-container-inner-cell'><div class='av-hotspot-container-inner-wrap'><div class='av-image-hotspot av-7urqp-dc09dfe243776e545b7b79dc9459ac7d av-image-hotspot-1 ' data-avia-tooltip-position='bottom' data-avia-tooltip-alignment='centered' data-avia-tooltip-class='av-tt-xlarge-width av-tt-pos-below av-tt-align-centered  av-mobile-fallback-active  main_color av-tt-hotspot' data-avia-tooltip='&lt;p&gt;\u201eWir haben uns \u00fcber die Responsequote von mehr als 60 % und das sehr detaillierte Feedback sowie die zahlreichen Hinweise gefreut.\u201c&lt;\/p&gt;\n&lt;p&gt;Antwort an Speer EDV Kunden&lt;\/p&gt;\n'><div class='av-image-hotspot_inner'>1<\/div><div class='av-image-hotspot-pulse'><\/div><\/div><div class='av-image-hotspot av-1qtkmh-ea13272cd4336725d670abc146f458bc av-image-hotspot-2 ' data-avia-tooltip-position='bottom' data-avia-tooltip-alignment='left' data-avia-tooltip-class='av-tt-xlarge-width av-tt-pos-below av-tt-align-left  av-mobile-fallback-active  main_color av-tt-hotspot' data-avia-tooltip='&lt;p&gt;\u201eJenseits der Ideen und Anregungen lag f\u00fcr mich der gr\u00f6\u00dfte Gewinn in der Kommunikation mit den Kunden. Sie f\u00fchlten sich gewertsch\u00e4tzt und anerkannt.\u201c&lt;\/p&gt;\n&lt;p&gt;S.K. Gesch\u00e4ftsf\u00fchrer Aqua&amp;Soul&lt;\/p&gt;\n'><div class='av-image-hotspot_inner'>2<\/div><div class='av-image-hotspot-pulse'><\/div><\/div><div class='av-image-hotspot av-98ax5-e367385dfc63eef85caba6254ca2a07e av-image-hotspot-3 ' data-avia-tooltip-position='top' data-avia-tooltip-alignment='left' data-avia-tooltip-class='av-tt-xlarge-width av-tt-pos-above av-tt-align-left  av-mobile-fallback-active  main_color av-tt-hotspot' data-avia-tooltip='&lt;p&gt;&lt;a href=&quot;https:\/\/www.speer-it.com\/referenzen.html#c460&quot; target=&quot;_blank&quot; rel=&quot;noopener noreferrer&quot;&gt;Website Speer IT&lt;\/a&gt;&lt;\/p&gt;\n'><a href=https:\/\/www.speer-it.com\/referenzen.html#c460  target=\"_blank\"  rel=\"noopener noreferrer\" class='av-image-hotspot_inner'>3<\/a><div class='av-image-hotspot-pulse'><\/div><\/div><div class='av-image-hotspot av-1f68y1-1021f1e3c3ca86ff4808b692e0438daf av-image-hotspot-4 ' data-avia-tooltip-position='top' data-avia-tooltip-alignment='left' data-avia-tooltip-class='av-tt-xlarge-width av-tt-pos-above av-tt-align-left  av-mobile-fallback-active  main_color av-tt-hotspot' data-avia-tooltip='&lt;p&gt;\u201eThese customer hints helped us to improve our quality &#8211; as required by ISO 9001:2015.\u201d&lt;\/p&gt;\n&lt;p&gt;J.T. Leiter Qualit\u00e4t bei RFS&lt;\/p&gt;\n'><div class='av-image-hotspot_inner'>4<\/div><div class='av-image-hotspot-pulse'><\/div><\/div><div class='av-image-hotspot av-16u4xl-42a37f4b5283fad8ab3ef5b12c7fc665 av-image-hotspot-5 ' data-avia-tooltip-position='bottom' data-avia-tooltip-alignment='right' data-avia-tooltip-class='av-tt-xlarge-width av-tt-pos-below av-tt-align-right  av-mobile-fallback-active  main_color av-tt-hotspot' data-avia-tooltip='&lt;p&gt;\u201eWir haben aufgrund Eurer Anregung entschieden, die Herrenumkleide und Damenumkleide zu tauschen!\u201c&lt;\/p&gt;\n&lt;p&gt;E-Mail an Aqua&amp;Soul Kunden&lt;\/p&gt;\n'><div class='av-image-hotspot_inner'>5<\/div><div class='av-image-hotspot-pulse'><\/div><\/div><div class='av-image-hotspot av-12q489-f311b1070c67d14c5f28847c6a2447ae av-image-hotspot-6 ' data-avia-tooltip-position='top' data-avia-tooltip-alignment='left' data-avia-tooltip-class='av-tt-xlarge-width av-tt-pos-above av-tt-align-left  av-mobile-fallback-active  main_color av-tt-hotspot' data-avia-tooltip='&lt;p&gt;B\u00fcronutzer \u00e4u\u00dfern ihre Zufriedenheit vor und nach der Neugestaltung &#8211; Abteilung eines globalen Chemieunternehmens&lt;\/p&gt;\n&lt;p&gt;(&lt;a href=&quot;http:\/\/myquickmessage.com\/?page_id=4209&quot;&gt;Link zur Auswertung&lt;\/a&gt;)&lt;\/p&gt;\n'><a href=https:\/\/myquickmessage.com\/?page_id=4209  class='av-image-hotspot_inner'>6<\/a><div class='av-image-hotspot-pulse'><\/div><\/div><div class='av-image-hotspot av-xp40x-3a3bfeba67b04a285d735cd2be545fd3 av-image-hotspot-7 ' data-avia-tooltip-position='top' data-avia-tooltip-alignment='left' data-avia-tooltip-class='av-tt-xlarge-width av-tt-pos-above av-tt-align-left  av-mobile-fallback-active  main_color av-tt-hotspot' data-avia-tooltip='&lt;p&gt;\u201cNo complicated statistics \u2013 my sales guys got concrete feedback. They can and will act!\u201d&lt;\/p&gt;\n&lt;p&gt;G. B. Vertriebsleiter bei RFS&lt;\/p&gt;\n'><div class='av-image-hotspot_inner'>7<\/div><div class='av-image-hotspot-pulse'><\/div><\/div><div class='av-image-hotspot av-sbhch-21a9096d6603a77f8f598b0d4ab8a124 av-image-hotspot-8 ' data-avia-tooltip-position='top' data-avia-tooltip-alignment='left' data-avia-tooltip-class='av-tt-xlarge-width av-tt-pos-above av-tt-align-left  av-mobile-fallback-active  main_color av-tt-hotspot' data-avia-tooltip='&lt;p&gt;\u201eEine Stunde um den Prozess zu kl\u00e4ren, eine Stunde zur Ergebnisdurchsprache &#8211; der gr\u00f6\u00dfte Aufwand war das Zusammenstellen der Kunden Email Adressen.\u201c&lt;\/p&gt;\n&lt;p&gt;L.S. Gesch\u00e4ftsf\u00fchrer Speer EDV&lt;\/p&gt;\n'><div class='av-image-hotspot_inner'>8<\/div><div class='av-image-hotspot-pulse'><\/div><\/div><div class='av-image-hotspot av-kupf5-749dd5b1a1a09d8da20350b4d61c0771 av-image-hotspot-9 ' data-avia-tooltip-position='top' data-avia-tooltip-alignment='left' data-avia-tooltip-class='av-tt-xlarge-width av-tt-pos-above av-tt-align-left  av-mobile-fallback-active  main_color av-tt-hotspot' data-avia-tooltip='&lt;p&gt;\u201eWir nutzen die Kundenkommentare um neuen Mitarbeitern zu zeigen, was aus Kundensicht wichtig ist.\u201c&lt;\/p&gt;\n&lt;p&gt;S.K. Gesch\u00e4ftsf\u00fchrer Aqua&amp;Soul&lt;\/p&gt;\n'><div class='av-image-hotspot_inner'>9<\/div><div class='av-image-hotspot-pulse'><\/div><\/div><div class='av-image-hotspot av-gtmfd-2ef6fba4ab08d33b594b1d9cc318ab5b av-image-hotspot-10 ' data-avia-tooltip-position='top' data-avia-tooltip-alignment='left' data-avia-tooltip-class='av-tt-xlarge-width av-tt-pos-above av-tt-align-left  av-mobile-fallback-active  main_color av-tt-hotspot' data-avia-tooltip='&lt;p&gt;\u201cParticipants of an innovative training format offered numerous suggestions. We picked smart ideas for the next round.\u201d&lt;\/p&gt;\n&lt;p&gt;B.M. Trainingsleiterin bei Nokia HR&lt;\/p&gt;\n'><div class='av-image-hotspot_inner'>10<\/div><div class='av-image-hotspot-pulse'><\/div><\/div><div class='av-image-hotspot av-93gjd-4304e75bbe34812c0b69372eb4e17807 av-image-hotspot-11 ' data-avia-tooltip-position='top' data-avia-tooltip-alignment='left' data-avia-tooltip-class='av-tt-xlarge-width av-tt-pos-above av-tt-align-left  av-mobile-fallback-active  main_color av-tt-hotspot' data-avia-tooltip='&lt;p&gt;\u201eprofessionell &#8211; schnell &#8211; aussagekr\u00e4ftige Ergebnisse &#8211; Umfrage nicht als zus\u00e4tzliche Arbeit empfunden.\u201c&lt;\/p&gt;\n&lt;p&gt;K.N. B\u00fcroleiterin Aqua&amp;Soul&lt;\/p&gt;\n'><div class='av-image-hotspot_inner'>11<\/div><div class='av-image-hotspot-pulse'><\/div><\/div><img fetchpriority=\"high\" class='wp-image-4494 avia-img-lazy-loading-not-4494 avia_image' src='https:\/\/myquickmessage.com\/wp-content\/uploads\/2019\/08\/mQM-Wordcloud4.png' alt='' title='mQM-Wordcloud4'  height=\"815\" width=\"1600\"  itemprop=\"thumbnailUrl\"  \/><\/div><\/div><\/div><div class='av-hotspot-fallback-tooltip av-image-hotspot-1 '><div class=\"av-hotspot-fallback-tooltip-count\">1<div class=\"avia-arrow\"><\/div><\/div><div class=\"av-hotspot-fallback-tooltip-inner clearfix\"><p>\u201eWir haben uns \u00fcber die Responsequote von mehr als 60 % und das sehr detaillierte Feedback sowie die zahlreichen Hinweise gefreut.\u201c<\/p>\n<p>Antwort an Speer EDV Kunden<\/p>\n<\/div><\/div><div class='av-hotspot-fallback-tooltip av-image-hotspot-2 '><div class=\"av-hotspot-fallback-tooltip-count\">2<div class=\"avia-arrow\"><\/div><\/div><div class=\"av-hotspot-fallback-tooltip-inner clearfix\"><p>\u201eJenseits der Ideen und Anregungen lag f\u00fcr mich der gr\u00f6\u00dfte Gewinn in der Kommunikation mit den Kunden. Sie f\u00fchlten sich gewertsch\u00e4tzt und anerkannt.\u201c<\/p>\n<p>S.K. Gesch\u00e4ftsf\u00fchrer Aqua&amp;Soul<\/p>\n<\/div><\/div><div class='av-hotspot-fallback-tooltip av-image-hotspot-3 '><div class=\"av-hotspot-fallback-tooltip-count\">3<div class=\"avia-arrow\"><\/div><\/div><div class=\"av-hotspot-fallback-tooltip-inner clearfix\"><p><a href=\"https:\/\/www.speer-it.com\/referenzen.html#c460\" target=\"_blank\" rel=\"noopener noreferrer\">Website Speer IT<\/a><\/p>\n<\/div><\/div><div class='av-hotspot-fallback-tooltip av-image-hotspot-4 '><div class=\"av-hotspot-fallback-tooltip-count\">4<div class=\"avia-arrow\"><\/div><\/div><div class=\"av-hotspot-fallback-tooltip-inner clearfix\"><p>\u201eThese customer hints helped us to improve our quality &#8211; as required by ISO 9001:2015.\u201d<\/p>\n<p>J.T. Leiter Qualit\u00e4t bei RFS<\/p>\n<\/div><\/div><div class='av-hotspot-fallback-tooltip av-image-hotspot-5 '><div class=\"av-hotspot-fallback-tooltip-count\">5<div class=\"avia-arrow\"><\/div><\/div><div class=\"av-hotspot-fallback-tooltip-inner clearfix\"><p>\u201eWir haben aufgrund Eurer Anregung entschieden, die Herrenumkleide und Damenumkleide zu tauschen!\u201c<\/p>\n<p>E-Mail an Aqua&amp;Soul Kunden<\/p>\n<\/div><\/div><div class='av-hotspot-fallback-tooltip av-image-hotspot-6 '><div class=\"av-hotspot-fallback-tooltip-count\">6<div class=\"avia-arrow\"><\/div><\/div><div class=\"av-hotspot-fallback-tooltip-inner clearfix\"><p>B\u00fcronutzer \u00e4u\u00dfern ihre Zufriedenheit vor und nach der Neugestaltung &#8211; Abteilung eines globalen Chemieunternehmens<\/p>\n<p>(<a href=\"http:\/\/myquickmessage.com\/?page_id=4209\">Link zur Auswertung<\/a>)<\/p>\n<\/div><\/div><div class='av-hotspot-fallback-tooltip av-image-hotspot-7 '><div class=\"av-hotspot-fallback-tooltip-count\">7<div class=\"avia-arrow\"><\/div><\/div><div class=\"av-hotspot-fallback-tooltip-inner clearfix\"><p>\u201cNo complicated statistics \u2013 my sales guys got concrete feedback. They can and will act!\u201d<\/p>\n<p>G. B. Vertriebsleiter bei RFS<\/p>\n<\/div><\/div><div class='av-hotspot-fallback-tooltip av-image-hotspot-8 '><div class=\"av-hotspot-fallback-tooltip-count\">8<div class=\"avia-arrow\"><\/div><\/div><div class=\"av-hotspot-fallback-tooltip-inner clearfix\"><p>\u201eEine Stunde um den Prozess zu kl\u00e4ren, eine Stunde zur Ergebnisdurchsprache &#8211; der gr\u00f6\u00dfte Aufwand war das Zusammenstellen der Kunden Email Adressen.\u201c<\/p>\n<p>L.S. Gesch\u00e4ftsf\u00fchrer Speer EDV<\/p>\n<\/div><\/div><div class='av-hotspot-fallback-tooltip av-image-hotspot-9 '><div class=\"av-hotspot-fallback-tooltip-count\">9<div class=\"avia-arrow\"><\/div><\/div><div class=\"av-hotspot-fallback-tooltip-inner clearfix\"><p>\u201eWir nutzen die Kundenkommentare um neuen Mitarbeitern zu zeigen, was aus Kundensicht wichtig ist.\u201c<\/p>\n<p>S.K. Gesch\u00e4ftsf\u00fchrer Aqua&amp;Soul<\/p>\n<\/div><\/div><div class='av-hotspot-fallback-tooltip av-image-hotspot-10 '><div class=\"av-hotspot-fallback-tooltip-count\">10<div class=\"avia-arrow\"><\/div><\/div><div class=\"av-hotspot-fallback-tooltip-inner clearfix\"><p>\u201cParticipants of an innovative training format offered numerous suggestions. We picked smart ideas for the next round.\u201d<\/p>\n<p>B.M. Trainingsleiterin bei Nokia HR<\/p>\n<\/div><\/div><div class='av-hotspot-fallback-tooltip av-image-hotspot-11 '><div class=\"av-hotspot-fallback-tooltip-count\">11<div class=\"avia-arrow\"><\/div><\/div><div class=\"av-hotspot-fallback-tooltip-inner clearfix\"><p>\u201eprofessionell &#8211; schnell &#8211; aussagekr\u00e4ftige Ergebnisse &#8211; Umfrage nicht als zus\u00e4tzliche Arbeit empfunden.\u201c<\/p>\n<p>K.N. B\u00fcroleiterin Aqua&amp;Soul<\/p>\n<\/div><\/div><\/div>\n<\/div><\/div><\/main><!-- close content main element --><\/div><\/div><div id='after_section_1'  class='main_color av_default_container_wrap container_wrap fullsize'  ><div class='container av-section-cont-open' ><div class='template-page content  av-content-full alpha units'><div class='post-entry post-entry-type-page post-entry-945'><div class='entry-content-wrapper clearfix'>\n\n<style type=\"text\/css\" data-created_by=\"avia_inline_auto\" id=\"style-css-av-sdkyp-4ab74d3f790de192bae1057de1c8b984\">\n.flex_column.av-sdkyp-4ab74d3f790de192bae1057de1c8b984{\nborder-radius:0px 0px 0px 0px;\npadding:0px 0px 0px 0px;\n}\n<\/style>\n<div  class='flex_column av-sdkyp-4ab74d3f790de192bae1057de1c8b984 av_one_full  avia-builder-el-2  el_after_av_section  avia-builder-el-no-sibling  first flex_column_div av-zero-column-padding  '     ><div  class='avia-logo-element-container av-jysxitbu-25c194a176482667befd82c90d2feca7 av-border-deactivate avia-logo-grid avia-content-slider avia-smallarrow-slider avia-content-grid-active noHover avia-content-slider-even  avia-builder-el-3  avia-builder-el-no-sibling  avia-content-slider1' ><div class='avia-smallarrow-slider-heading  no-logo-slider-heading '><div class='new-special-heading'>&nbsp;<\/div><\/div><div class=\"avia-content-slider-inner\"><div class=\"slide-entry-wrap\"><div  class='slide-entry av-hd6wh-2304ba34c230be568cb01d4e049cb6a8 flex_column no_margin av_one_fourth real-thumbnail post-entry slide-entry-overview slide-loop-1 slide-parity-odd  first'><a href=\"https:\/\/www.aqua-soul.de\/\" data-rel='slide-1' class='slide-image' title=''  target=\"_blank\"  rel=\"noopener noreferrer\"><img decoding=\"async\" fetchpriority=\"high\" width=\"200\" height=\"133\" src=\"https:\/\/myquickmessage.com\/wp-content\/uploads\/2019\/08\/AquaSoul-200.png\" class=\"wp-image-4427 avia-img-lazy-loading-not-4427 attachment-no scaling size-no scaling\" alt=\"\" srcset=\"https:\/\/myquickmessage.com\/wp-content\/uploads\/2019\/08\/AquaSoul-200.png 200w, https:\/\/myquickmessage.com\/wp-content\/uploads\/2019\/08\/AquaSoul-200-80x53.png 80w\" sizes=\"(max-width: 200px) 100vw, 200px\" \/><\/a><\/div><div  class='slide-entry av-l38il2vf-9d80c2c32071c322edea3a3b523f1c2d flex_column no_margin av_one_fourth real-thumbnail post-entry slide-entry-overview slide-loop-2 slide-parity-even  '><a href=\"https:\/\/www.meteoviva.com\" data-rel='slide-1' class='slide-image' title=''  target=\"_blank\"  rel=\"noopener noreferrer\"><img decoding=\"async\" fetchpriority=\"high\" width=\"200\" height=\"133\" src=\"https:\/\/myquickmessage.com\/wp-content\/uploads\/2022\/05\/logo_MeteoViva200px.jpg\" class=\"wp-image-5156 avia-img-lazy-loading-not-5156 attachment-no scaling size-no scaling\" alt=\"\" srcset=\"https:\/\/myquickmessage.com\/wp-content\/uploads\/2022\/05\/logo_MeteoViva200px.jpg 200w, https:\/\/myquickmessage.com\/wp-content\/uploads\/2022\/05\/logo_MeteoViva200px-80x53.jpg 80w\" sizes=\"(max-width: 200px) 100vw, 200px\" \/><\/a><\/div><div  class='slide-entry av-22b41-b240daf62738ddaab0c822a5fe225670 flex_column no_margin av_one_fourth real-thumbnail post-entry slide-entry-overview slide-loop-3 slide-parity-odd  '><a href=\"https:\/\/www.speer-edv.com\/\" data-rel='slide-1' class='slide-image' title=''  target=\"_blank\"  rel=\"noopener noreferrer\"><img decoding=\"async\" fetchpriority=\"high\" width=\"200\" height=\"133\" src=\"https:\/\/myquickmessage.com\/wp-content\/uploads\/2019\/08\/Speer200.png\" class=\"wp-image-4429 avia-img-lazy-loading-not-4429 attachment-no scaling size-no scaling\" alt=\"\" srcset=\"https:\/\/myquickmessage.com\/wp-content\/uploads\/2019\/08\/Speer200.png 200w, https:\/\/myquickmessage.com\/wp-content\/uploads\/2019\/08\/Speer200-80x53.png 80w\" sizes=\"(max-width: 200px) 100vw, 200px\" \/><\/a><\/div><div  class='slide-entry av-7lvix-7a367a0fa859a780292361b5787e00a0 flex_column no_margin av_one_fourth real-thumbnail post-entry slide-entry-overview slide-loop-4 slide-parity-even post-entry-last '><a href=\"https:\/\/www.rfsworld.com\/\" data-rel='slide-1' class='slide-image' title=''  target=\"_blank\"  rel=\"noopener noreferrer\"><img decoding=\"async\" fetchpriority=\"high\" width=\"200\" height=\"133\" src=\"https:\/\/myquickmessage.com\/wp-content\/uploads\/2019\/08\/RFS-Logo.png\" class=\"wp-image-4524 avia-img-lazy-loading-not-4524 attachment-no scaling size-no scaling\" alt=\"\" srcset=\"https:\/\/myquickmessage.com\/wp-content\/uploads\/2019\/08\/RFS-Logo.png 200w, https:\/\/myquickmessage.com\/wp-content\/uploads\/2019\/08\/RFS-Logo-80x53.png 80w\" sizes=\"(max-width: 200px) 100vw, 200px\" \/><\/a><\/div><\/div><\/div><\/div><\/div>\n","protected":false},"excerpt":{"rendered":"","protected":false},"author":1,"featured_media":0,"parent":0,"menu_order":0,"comment_status":"closed","ping_status":"closed","template":"","meta":{"footnotes":""},"class_list":["post-945","page","type-page","status-publish","hentry"],"_links":{"self":[{"href":"https:\/\/myquickmessage.com\/index.php?rest_route=\/wp\/v2\/pages\/945","targetHints":{"allow":["GET"]}}],"collection":[{"href":"https:\/\/myquickmessage.com\/index.php?rest_route=\/wp\/v2\/pages"}],"about":[{"href":"https:\/\/myquickmessage.com\/index.php?rest_route=\/wp\/v2\/types\/page"}],"author":[{"embeddable":true,"href":"https:\/\/myquickmessage.com\/index.php?rest_route=\/wp\/v2\/users\/1"}],"replies":[{"embeddable":true,"href":"https:\/\/myquickmessage.com\/index.php?rest_route=%2Fwp%2Fv2%2Fcomments&post=945"}],"version-history":[{"count":77,"href":"https:\/\/myquickmessage.com\/index.php?rest_route=\/wp\/v2\/pages\/945\/revisions"}],"predecessor-version":[{"id":5161,"href":"https:\/\/myquickmessage.com\/index.php?rest_route=\/wp\/v2\/pages\/945\/revisions\/5161"}],"wp:attachment":[{"href":"https:\/\/myquickmessage.com\/index.php?rest_route=%2Fwp%2Fv2%2Fmedia&parent=945"}],"curies":[{"name":"wp","href":"https:\/\/api.w.org\/{rel}","templated":true}]}}