{"id":4751,"date":"2020-01-23T18:04:34","date_gmt":"2020-01-23T17:04:34","guid":{"rendered":"http:\/\/myquickmessage.com\/?page_id=4751"},"modified":"2022-05-13T10:39:56","modified_gmt":"2022-05-13T09:39:56","slug":"startseite-2020-01","status":"publish","type":"page","link":"https:\/\/myquickmessage.com\/","title":{"rendered":"-home-2020-02"},"content":{"rendered":"<div id='full_slider_1'  class='avia-fullwidth-slider main_color avia-shadow   avia-builder-el-0  el_before_av_heading  avia-builder-el-first   container_wrap fullsize'  >\n<style type=\"text\/css\" data-created_by=\"avia_inline_auto\" id=\"style-css-av-k5qzkrom-1bff86bb05168686c27f92e9ed0285b2\">\n#top #wrap_all .avia-slideshow .av-slideshow-caption.av-k5qzkrom-1bff86bb05168686c27f92e9ed0285b2__0 .avia-caption-title{\nfont-size:30px;\n}\n#top #wrap_all .avia-slideshow .av-slideshow-caption.av-k5qzkrom-1bff86bb05168686c27f92e9ed0285b2__1 .avia-caption-title{\nfont-size:30px;\n}\n#top #wrap_all .avia-slideshow .av-slideshow-caption.av-k5qzkrom-1bff86bb05168686c27f92e9ed0285b2__2 .avia-caption-title{\nfont-size:30px;\n}\n#top #wrap_all .avia-slideshow .av-slideshow-caption.av-k5qzkrom-1bff86bb05168686c27f92e9ed0285b2__3 .avia-caption-title{\nfont-size:30px;\n}\n<\/style>\n<div  class='avia-slideshow av-k5qzkrom-1bff86bb05168686c27f92e9ed0285b2 avia-slideshow-featured_large av_slideshow_full avia-slide-slider av-slideshow-ui av-control-default av-slideshow-autoplay av-loop-endless av-loop-manual-endless av-default-height-applied   avia-slideshow-1' data-slideshow-options=\"{&quot;animation&quot;:&quot;slide&quot;,&quot;autoplay&quot;:true,&quot;loop_autoplay&quot;:&quot;endless&quot;,&quot;interval&quot;:5,&quot;loop_manual&quot;:&quot;manual-endless&quot;,&quot;autoplay_stopper&quot;:false,&quot;noNavigation&quot;:false,&quot;bg_slider&quot;:false,&quot;keep_padding&quot;:false,&quot;hoverpause&quot;:false,&quot;show_slide_delay&quot;:0}\"  itemprop=\"image\" itemscope=\"itemscope\" itemtype=\"https:\/\/schema.org\/ImageObject\" ><ul class='avia-slideshow-inner ' style='padding-bottom: 42%;'><li  class='avia-slideshow-slide av-k5qzkrom-1bff86bb05168686c27f92e9ed0285b2__0  slide-1 slide-odd'><div data-rel='slideshow-1' class='avia-slide-wrap '   ><div class='av-slideshow-caption av-k5qzkrom-1bff86bb05168686c27f92e9ed0285b2__0 caption_fullwidth caption_center caption_center_framed caption_framed'><div class=\"container caption_container\"><div class=\"slideshow_caption\"><div class=\"slideshow_inner_caption\"><div class=\"slideshow_align_caption\"><h2 class='avia-caption-title '  itemprop=\"name\" >Wie ver\u00e4ndert sich mein Arbeitsumfeld?<\/h2><\/div><\/div><\/div><\/div><\/div><img fetchpriority=\"high\" class=\"wp-image-4954 avia-img-lazy-loading-not-4954\"  src='https:\/\/myquickmessage.com\/wp-content\/uploads\/2020\/02\/Angebot-1600px-1500x630.jpg' width='1500' height='630' title='Angebot-1600px' alt=''  itemprop=\"thumbnailUrl\"   \/><\/div><\/li><li  class='avia-slideshow-slide av-k5qzkrom-1bff86bb05168686c27f92e9ed0285b2__1  slide-2 slide-even'><div data-rel='slideshow-1' class='avia-slide-wrap '   ><div class='av-slideshow-caption av-k5qzkrom-1bff86bb05168686c27f92e9ed0285b2__1 caption_fullwidth caption_bottom caption_bottom_framed caption_framed'><div class=\"container caption_container\"><div class=\"slideshow_caption\"><div class=\"slideshow_inner_caption\"><div class=\"slideshow_align_caption\"><h2 class='avia-caption-title '  itemprop=\"name\" >Womit sind meine Mitarbeiter zufrieden?<\/h2><\/div><\/div><\/div><\/div><\/div><img fetchpriority=\"high\" class=\"wp-image-4955 avia-img-lazy-loading-not-4955\"  src='https:\/\/myquickmessage.com\/wp-content\/uploads\/2020\/02\/Mitarbeiter-1600px-1500x630.jpg' width='1500' height='630' title='Mitarbeiter-1600px' alt=''  itemprop=\"thumbnailUrl\"   \/><\/div><\/li><li  class='avia-slideshow-slide av-k5qzkrom-1bff86bb05168686c27f92e9ed0285b2__2  slide-3 slide-odd'><div data-rel='slideshow-1' class='avia-slide-wrap '   ><div class='av-slideshow-caption av-k5qzkrom-1bff86bb05168686c27f92e9ed0285b2__2 caption_fullwidth caption_left caption_left_framed caption_framed'><div class=\"container caption_container\"><div class=\"slideshow_caption\"><div class=\"slideshow_inner_caption\"><div class=\"slideshow_align_caption\"><h2 class='avia-caption-title '  itemprop=\"name\" >Wo dr\u00fcckt meinen Kunden der Schuh?<\/h2><\/div><\/div><\/div><\/div><\/div><img fetchpriority=\"high\" class=\"wp-image-5027 avia-img-lazy-loading-not-5027\"  src='https:\/\/myquickmessage.com\/wp-content\/uploads\/2020\/02\/Customers-1600px-1500x630.jpg' width='1500' height='630' title='Customers-1600px' alt=''  itemprop=\"thumbnailUrl\"   \/><\/div><\/li><li  class='avia-slideshow-slide av-k5qzkrom-1bff86bb05168686c27f92e9ed0285b2__3  slide-4 slide-even'><div data-rel='slideshow-1' class='avia-slide-wrap '   ><div class='av-slideshow-caption av-k5qzkrom-1bff86bb05168686c27f92e9ed0285b2__3 caption_fullwidth caption_bottom'><div class=\"container caption_container\"><div class=\"slideshow_caption\"><div class=\"slideshow_inner_caption\"><div class=\"slideshow_align_caption\"><h2 class='avia-caption-title '  itemprop=\"name\" >Welche Wirkung hat meine letzte Ma\u00dfnahme?<\/h2><\/div><\/div><\/div><\/div><\/div><img fetchpriority=\"high\" class=\"wp-image-4958 avia-img-lazy-loading-not-4958\"  src='https:\/\/myquickmessage.com\/wp-content\/uploads\/2020\/02\/mindmap-2123973-1600px-1500x630.jpg' width='1500' height='630' title='mindmap-2123973-1600px' alt=''  itemprop=\"thumbnailUrl\"   \/><\/div><\/li><\/ul><div class='avia-slideshow-arrows avia-slideshow-controls' ><a href='#prev' class='prev-slide  avia-svg-icon avia-font-svg_entypo-fontello' data-av_svg_icon='left-open-big' data-av_iconset='svg_entypo-fontello' tabindex='-1' title=\"Zur\u00fcck\"><svg version=\"1.1\" xmlns=\"http:\/\/www.w3.org\/2000\/svg\" width=\"15\" height=\"32\" viewBox=\"0 0 15 32\" preserveAspectRatio=\"xMidYMid meet\" aria-labelledby='av-svg-title-1' aria-describedby='av-svg-desc-1' role=\"graphics-symbol\" aria-hidden=\"true\">\n<title id='av-svg-title-1'>Zur\u00fcck<\/title>\n<desc id='av-svg-desc-1'>Zur\u00fcck<\/desc>\n<path d=\"M14.464 27.84q0.832 0.832 0 1.536-0.832 0.832-1.536 0l-12.544-12.608q-0.768-0.768 0-1.6l12.544-12.608q0.704-0.832 1.536 0 0.832 0.704 0 1.536l-11.456 11.904z\"><\/path>\n<\/svg><span class='avia_hidden_link_text'>Zur\u00fcck<\/span><\/a><a href='#next' class='next-slide  avia-svg-icon avia-font-svg_entypo-fontello' data-av_svg_icon='right-open-big' data-av_iconset='svg_entypo-fontello' tabindex='-1' title=\"Weiter\"><svg version=\"1.1\" xmlns=\"http:\/\/www.w3.org\/2000\/svg\" width=\"15\" height=\"32\" viewBox=\"0 0 15 32\" preserveAspectRatio=\"xMidYMid meet\" aria-labelledby='av-svg-title-2' aria-describedby='av-svg-desc-2' role=\"graphics-symbol\" aria-hidden=\"true\">\n<title id='av-svg-title-2'>Weiter<\/title>\n<desc id='av-svg-desc-2'>Weiter<\/desc>\n<path d=\"M0.416 27.84l11.456-11.84-11.456-11.904q-0.832-0.832 0-1.536 0.832-0.832 1.536 0l12.544 12.608q0.768 0.832 0 1.6l-12.544 12.608q-0.704 0.832-1.536 0-0.832-0.704 0-1.536z\"><\/path>\n<\/svg><span class='avia_hidden_link_text'>Weiter<\/span><\/a><\/div><div class='avia-slideshow-dots avia-slideshow-controls'><a href='#1' class='goto-slide active' >1<\/a><a href='#2' class='goto-slide ' >2<\/a><a href='#3' class='goto-slide ' >3<\/a><a href='#4' class='goto-slide ' >4<\/a><\/div><\/div><\/div><div id='after_full_slider_1'  class='main_color av_default_container_wrap container_wrap fullsize'  ><div class='container av-section-cont-open' ><div class='template-page content  av-content-full alpha units'><div class='post-entry post-entry-type-page post-entry-4751'><div class='entry-content-wrapper clearfix'>\n\n<style type=\"text\/css\" data-created_by=\"avia_inline_auto\" id=\"style-css-av-1y0oen-44952e957f9fbe46fbb124d3d0319ed6\">\n#top .av-special-heading.av-1y0oen-44952e957f9fbe46fbb124d3d0319ed6{\npadding-bottom:10px;\n}\nbody .av-special-heading.av-1y0oen-44952e957f9fbe46fbb124d3d0319ed6 .av-special-heading-tag .heading-char{\nfont-size:25px;\n}\n.av-special-heading.av-1y0oen-44952e957f9fbe46fbb124d3d0319ed6 .av-subheading{\nfont-size:15px;\n}\n<\/style>\n<div  class='av-special-heading av-1y0oen-44952e957f9fbe46fbb124d3d0319ed6 av-special-heading-h1  avia-builder-el-1  el_after_av_slideshow_full  el_before_av_one_half  avia-builder-el-first  av-linked-heading'><h1 class='av-special-heading-tag '  itemprop=\"headline\"  >Als Unternehmen Bescheid wissen<\/h1><div class=\"special-heading-border\"><div class=\"special-heading-inner-border\"><\/div><\/div><\/div>\n\n<style type=\"text\/css\" data-created_by=\"avia_inline_auto\" id=\"style-css-av-9v3ga7-2640951c2030b2d1acddb1f13be0fea2\">\n.flex_column.av-9v3ga7-2640951c2030b2d1acddb1f13be0fea2{\nborder-radius:0px 0px 0px 0px;\npadding:0px 0px 0px 0px;\n}\n<\/style>\n<div  class='flex_column av-9v3ga7-2640951c2030b2d1acddb1f13be0fea2 av_one_half  avia-builder-el-2  el_after_av_heading  el_before_av_one_half  first flex_column_div av-zero-column-padding  '     ><section  class='av_textblock_section av-kca9nesu-e00422e111cd8861aa172c6219d00fbd '   itemscope=\"itemscope\" itemtype=\"https:\/\/schema.org\/CreativeWork\" ><div class='avia_textblock'  itemprop=\"text\" ><p>Erfolgreiche Unternehmer wollen wissen, was Kunden und Mitarbeiter \u00fcber sie denken. Ehrliches, spontanes Feedback zeigt motivierende St\u00e4rken und wichtige Verbesserungsm\u00f6glichkeiten.<\/p>\n<\/div><\/section><\/div>\n\n<style type=\"text\/css\" data-created_by=\"avia_inline_auto\" id=\"style-css-av-7tjchr-3eeb30f5cd647e63f1a1c72f7dbb41d1\">\n.flex_column.av-7tjchr-3eeb30f5cd647e63f1a1c72f7dbb41d1{\nborder-radius:0px 0px 0px 0px;\npadding:0px 0px 0px 0px;\n}\n<\/style>\n<div  class='flex_column av-7tjchr-3eeb30f5cd647e63f1a1c72f7dbb41d1 av_one_half  avia-builder-el-4  el_after_av_one_half  el_before_av_one_half  flex_column_div av-zero-column-padding  '     ><section  class='av_textblock_section av-kca9nxb6-6fe7696e039d88cd56c18976a7079dd0 '   itemscope=\"itemscope\" itemtype=\"https:\/\/schema.org\/CreativeWork\" ><div class='avia_textblock'  itemprop=\"text\" ><p>Mit myQuickMessage, unserer pfiffigen Feedbackmethode, gewinnen Sie schnell konkrete Einblicke. Investieren Sie zweimal eine Stunde Ihrer Zeit und nutzen sie die Erkenntnisse zur Motivation, Werbung, f\u00fcr Verbesserungen und vieles mehr.<\/p>\n<\/div><\/section><\/div>\n\n<style type=\"text\/css\" data-created_by=\"avia_inline_auto\" id=\"style-css-av-k5sffwjh-fb7726b900abd23ab001a912f78085a9\">\n.flex_column.av-k5sffwjh-fb7726b900abd23ab001a912f78085a9{\nborder-radius:0px 0px 0px 0px;\npadding:3% 3% 3% 3%;\nbackground-color:#ffffff;\n}\n<\/style>\n<div  class='flex_column av-k5sffwjh-fb7726b900abd23ab001a912f78085a9 av_one_half  avia-builder-el-6  el_after_av_one_half  el_before_av_one_half  first flex_column_div  column-top-margin'     ><section  class='av_textblock_section av-k5seoxrv-ddd0b77748f09c6a91bcd3045ac28c4f '   itemscope=\"itemscope\" itemtype=\"https:\/\/schema.org\/CreativeWork\" ><div class='avia_textblock'  itemprop=\"text\" ><p><strong>\u00c4nderung der Arbeitswelten &#8211; unser Angebot<\/strong><br \/>\nNicht zuletzt durch die Erfahrungen in der Pandemie, hat sich f\u00fcr viele Menschen die Arbeitswelt stark ver\u00e4ndert. So ist das \u201eArbeiten von Zuhause\u201c, gemischt mit Pr\u00e4senzzeiten im Office, Ver\u00e4nderungen im Kontakt mit Kunden und vieles mehr eine st\u00e4ndige Herausforderung. Eine unkonventionelle Abfrage hilft der Effektivit\u00e4t und dem Zusammengeh\u00f6rigkeitsgef\u00fchl in Ihrer Organisation!<br \/>\nSo k\u00f6nnten die <a href=\"http:\/\/myquickmessage.com\/?page_id=5135\"><u>Fragen<\/u><\/a> aussehen.\u00a0 <u><a href=\"http:\/\/myquickmessage.com\/wp-content\/uploads\/2020\/04\/myQuickMessage-Flyer_2020-04-4.pdf\" target=\"_blank\" rel=\"noopener\">N\u00e4heres in unserem Flyer.<\/a><\/u><\/p>\n<\/div><\/section><\/div>\n<style type=\"text\/css\" data-created_by=\"avia_inline_auto\" id=\"style-css-av-k5sffwjh-11-37af4c3808120e67c7f20f1c10d0ceef\">\n.flex_column.av-k5sffwjh-11-37af4c3808120e67c7f20f1c10d0ceef{\nborder-radius:0px 0px 0px 0px;\npadding:3% 3% 3% 3%;\nbackground-color:#dddddd;\n}\n<\/style>\n<div  class='flex_column av-k5sffwjh-11-37af4c3808120e67c7f20f1c10d0ceef av_one_half  avia-builder-el-8  el_after_av_one_half  el_before_av_section  avia-builder-el-last  flex_column_div  column-top-margin'     ><section  class='av_textblock_section av-k5sepn1z-8b469b779c140acf9785184d4def40cf '   itemscope=\"itemscope\" itemtype=\"https:\/\/schema.org\/CreativeWork\" ><div class='avia_textblock'  itemprop=\"text\" ><p><strong>Wie ist die Stimmung im Unternehmen?<\/strong><br \/>\nFlurfunk, Austausch beim Kaffee, gemeinsames Mittagessen \u2013 diese bew\u00e4hrten Bindungswege sind durch die Angst vor Ansteckung behindert.<br \/>\nMit \u201emyQuickMessage\u201c k\u00f6nnen Sie die Arbeitskultur entwickeln f\u00fcr neue Formen der Zusammenarbeit. Das Mitarbeiterfeedback wird schnell und einfach erfasst und ausgewertet -&gt; Grundlage f\u00fcr konstruktive Gespr\u00e4che und vertrauensschaffende Initiativen. <a href=\"http:\/\/myquickmessage.com\/wp-content\/uploads\/2020\/09\/Arbeitskultur-mit-Feedback-f\u00f6rdern-Sept-2020.pdf\" target=\"_blank\" rel=\"noopener\">Vorgehensweise<\/a><\/p>\n<\/div><\/section><\/div><\/p>\n<\/div><\/div><\/div><!-- close content main div --><\/div><\/div><div id='av_section_1'  class='avia-section av-3tmvkv-f786bef038d8b2f984180827cd7d1856 alternate_color avia-section-default avia-no-border-styling  avia-builder-el-10  el_after_av_one_half  el_before_av_section  avia-bg-style-scroll container_wrap fullsize'  ><div class='container av-section-cont-open' ><div class='template-page content  av-content-full alpha units'><div class='post-entry post-entry-type-page post-entry-4751'><div class='entry-content-wrapper clearfix'>\n\n<style type=\"text\/css\" data-created_by=\"avia_inline_auto\" id=\"style-css-av-4a1l0f-f6ea96f6d7a8df88a8dec7ca52640bc4\">\n.flex_column.av-4a1l0f-f6ea96f6d7a8df88a8dec7ca52640bc4{\nborder-radius:0px 0px 0px 0px;\npadding:0px 0px 0px 0px;\n}\n<\/style>\n<div  class='flex_column av-4a1l0f-f6ea96f6d7a8df88a8dec7ca52640bc4 av_one_half  avia-builder-el-11  el_before_av_one_half  avia-builder-el-first  first flex_column_div av-zero-column-padding  '     ><style type=\"text\/css\" data-created_by=\"avia_inline_auto\" id=\"style-css-av-k6gngkcb-16441514b2c3486691807581e4b1e165\">\n.avia-image-container.av-k6gngkcb-16441514b2c3486691807581e4b1e165 img.avia_image{\nbox-shadow:none;\n}\n.avia-image-container.av-k6gngkcb-16441514b2c3486691807581e4b1e165 .av-image-caption-overlay-center{\ncolor:#ffffff;\n}\n<\/style>\n<div  class='avia-image-container av-k6gngkcb-16441514b2c3486691807581e4b1e165 av-styling- av-hover-grow av-img-linked avia-align-center  avia-builder-el-12  avia-builder-el-no-sibling '   itemprop=\"image\" itemscope=\"itemscope\" itemtype=\"https:\/\/schema.org\/ImageObject\" ><div class=\"avia-image-container-inner\"><div class=\"avia-image-overlay-wrap\"><a href=\"https:\/\/myquickmessage.com\/?page_id=3854\" class='avia_image '  aria-label='Schnell-Einfach-Vollstaendig'><img fetchpriority=\"high\" class='wp-image-4897 avia-img-lazy-loading-not-4897 avia_image ' src='https:\/\/myquickmessage.com\/wp-content\/uploads\/2020\/02\/Schnell-Einfach-Vollstaendig.png' alt='' title='Schnell-Einfach-Vollstaendig'  height=\"550\" width=\"550\"  itemprop=\"thumbnailUrl\"  \/><\/a><\/div><\/div><\/div><\/div>\n<style type=\"text\/css\" data-created_by=\"avia_inline_auto\" id=\"style-css-av-2r7k73-9897c904fa2ae8c0dc1f25310a94eacb\">\n.flex_column.av-2r7k73-9897c904fa2ae8c0dc1f25310a94eacb{\nborder-radius:0px 0px 0px 0px;\npadding:0px 0px 0px 0px;\n}\n<\/style>\n<div  class='flex_column av-2r7k73-9897c904fa2ae8c0dc1f25310a94eacb av_one_half  avia-builder-el-13  el_after_av_one_half  el_before_av_one_half  flex_column_div av-zero-column-padding  '     ><style type=\"text\/css\" data-created_by=\"avia_inline_auto\" id=\"style-css-av-k6gngxon-856f92ef689d96d073aa1d87f75cfc08\">\n.avia-image-container.av-k6gngxon-856f92ef689d96d073aa1d87f75cfc08 img.avia_image{\nbox-shadow:none;\n}\n.avia-image-container.av-k6gngxon-856f92ef689d96d073aa1d87f75cfc08 .av-image-caption-overlay-center{\ncolor:#ffffff;\n}\n<\/style>\n<div  class='avia-image-container av-k6gngxon-856f92ef689d96d073aa1d87f75cfc08 av-styling- av-hover-grow av-img-linked avia-align-center  avia-builder-el-14  avia-builder-el-no-sibling '   itemprop=\"image\" itemscope=\"itemscope\" itemtype=\"https:\/\/schema.org\/ImageObject\" ><div class=\"avia-image-container-inner\"><div class=\"avia-image-overlay-wrap\"><a href=\"https:\/\/myquickmessage.com\/?page_id=3854\" class='avia_image '  aria-label='2FragenIn2Minuten'><img fetchpriority=\"high\" class='wp-image-4896 avia-img-lazy-loading-not-4896 avia_image ' src='https:\/\/myquickmessage.com\/wp-content\/uploads\/2020\/02\/2FragenIn2Minuten.png' alt='' title='2FragenIn2Minuten'  height=\"500\" width=\"500\"  itemprop=\"thumbnailUrl\"  \/><\/a><\/div><\/div><\/div><\/div>\n<style type=\"text\/css\" data-created_by=\"avia_inline_auto\" id=\"style-css-av-2r7k73-7-40a3fa798f2f13b566ec45709a8c0451\">\n.flex_column.av-2r7k73-7-40a3fa798f2f13b566ec45709a8c0451{\nborder-radius:0px 0px 0px 0px;\npadding:0px 0px 0px 0px;\n}\n<\/style>\n<div  class='flex_column av-2r7k73-7-40a3fa798f2f13b566ec45709a8c0451 av_one_half  avia-builder-el-15  el_after_av_one_half  el_before_av_one_half  first flex_column_div av-zero-column-padding  column-top-margin'     ><style type=\"text\/css\" data-created_by=\"avia_inline_auto\" id=\"style-css-av-k6gngxon-6-d222a09be32332e74d0ee50d52d53e85\">\n.avia-image-container.av-k6gngxon-6-d222a09be32332e74d0ee50d52d53e85 img.avia_image{\nbox-shadow:none;\n}\n.avia-image-container.av-k6gngxon-6-d222a09be32332e74d0ee50d52d53e85 .av-image-caption-overlay-center{\ncolor:#ffffff;\n}\n<\/style>\n<div  class='avia-image-container av-k6gngxon-6-d222a09be32332e74d0ee50d52d53e85 av-styling- av-hover-grow av-img-linked avia-align-center  avia-builder-el-16  avia-builder-el-no-sibling '   itemprop=\"image\" itemscope=\"itemscope\" itemtype=\"https:\/\/schema.org\/ImageObject\" ><div class=\"avia-image-container-inner\"><div class=\"avia-image-overlay-wrap\"><a href=\"https:\/\/myquickmessage.com\/?page_id=3465\" class='avia_image '  aria-label='Auswertung3'><img fetchpriority=\"high\" class='wp-image-4923 avia-img-lazy-loading-not-4923 avia_image ' src='https:\/\/myquickmessage.com\/wp-content\/uploads\/2020\/02\/Auswertung3-495x256.png' alt='' title='Auswertung3'  height=\"256\" width=\"495\"  itemprop=\"thumbnailUrl\"  \/><\/a><\/div><\/div><\/div><\/div>\n<style type=\"text\/css\" data-created_by=\"avia_inline_auto\" id=\"style-css-av-2r7k73-5-b08c3227b9f8fc2f88b50ee34dee1b8c\">\n.flex_column.av-2r7k73-5-b08c3227b9f8fc2f88b50ee34dee1b8c{\nborder-radius:0px 0px 0px 0px;\npadding:0px 0px 0px 0px;\n}\n<\/style>\n<div  class='flex_column av-2r7k73-5-b08c3227b9f8fc2f88b50ee34dee1b8c av_one_half  avia-builder-el-17  el_after_av_one_half  avia-builder-el-last  flex_column_div av-zero-column-padding  column-top-margin'     ><style type=\"text\/css\" data-created_by=\"avia_inline_auto\" id=\"style-css-av-k6gngxon-4-38ae67abd528aa25dae21b4611749a56\">\n.avia-image-container.av-k6gngxon-4-38ae67abd528aa25dae21b4611749a56 img.avia_image{\nbox-shadow:none;\n}\n.avia-image-container.av-k6gngxon-4-38ae67abd528aa25dae21b4611749a56 .av-image-caption-overlay-center{\ncolor:#ffffff;\n}\n<\/style>\n<div  class='avia-image-container av-k6gngxon-4-38ae67abd528aa25dae21b4611749a56 av-styling- av-hover-grow av-img-linked avia-align-center  avia-builder-el-18  avia-builder-el-no-sibling '   itemprop=\"image\" itemscope=\"itemscope\" itemtype=\"https:\/\/schema.org\/ImageObject\" ><div class=\"avia-image-container-inner\"><div class=\"avia-image-overlay-wrap\"><a href=\"https:\/\/myquickmessage.com\/?page_id=3465\" class='avia_image '  aria-label='Auswertung4'><img fetchpriority=\"high\" class='wp-image-4924 avia-img-lazy-loading-not-4924 avia_image ' src='https:\/\/myquickmessage.com\/wp-content\/uploads\/2020\/02\/Auswertung4-495x259.png' alt='' title='Auswertung4'  height=\"259\" width=\"495\"  itemprop=\"thumbnailUrl\"  \/><\/a><\/div><\/div><\/div><\/div>\n\n<\/div><\/div><\/div><!-- close content main div --><\/div><\/div><div id='av_section_2'  class='avia-section av-2unvi7-3ec7a84542e1cedccd4e819f50468949 main_color avia-section-default avia-no-border-styling  avia-builder-el-19  el_after_av_section  avia-builder-el-last  avia-bg-style-scroll container_wrap fullsize'  ><div class='container av-section-cont-open' ><div class='template-page content  av-content-full alpha units'><div class='post-entry post-entry-type-page post-entry-4751'><div class='entry-content-wrapper clearfix'>\n\n<style type=\"text\/css\" data-created_by=\"avia_inline_auto\" id=\"style-css-av-2c6d67-1d73db6166e073a15945596ddfa3c73c\">\n#top .av-special-heading.av-2c6d67-1d73db6166e073a15945596ddfa3c73c{\npadding-bottom:10px;\n}\nbody .av-special-heading.av-2c6d67-1d73db6166e073a15945596ddfa3c73c .av-special-heading-tag .heading-char{\nfont-size:25px;\n}\n.av-special-heading.av-2c6d67-1d73db6166e073a15945596ddfa3c73c .av-subheading{\nfont-size:15px;\n}\n<\/style>\n<div  class='av-special-heading av-2c6d67-1d73db6166e073a15945596ddfa3c73c av-special-heading-h1  avia-builder-el-20  el_before_av_one_half  avia-builder-el-first  av-linked-heading'><h1 class='av-special-heading-tag '  itemprop=\"headline\"  ><a class=\"av-heading-link\" href=\"https:\/\/myquickmessage.com\/?page_id=945\" >Referenzen<\/a><\/h1><div class=\"special-heading-border\"><div class=\"special-heading-inner-border\"><\/div><\/div><\/div>\n<div class='flex_column_table av-k5sffwjh-9-4e6759ab44298d31bf163298dea38671 sc-av_one_half av-equal-height-column-flextable'>\n<style type=\"text\/css\" data-created_by=\"avia_inline_auto\" id=\"style-css-av-k5sffwjh-9-4e6759ab44298d31bf163298dea38671\">\n.flex_column.av-k5sffwjh-9-4e6759ab44298d31bf163298dea38671{\nborder-radius:0px 0px 0px 0px;\npadding:3% 3% 3% 3%;\nbackground-color:#dddddd;\n}\n<\/style>\n<div  class='flex_column av-k5sffwjh-9-4e6759ab44298d31bf163298dea38671 av_one_half  avia-builder-el-21  el_after_av_heading  el_before_av_one_half  first flex_column_table_cell av-equal-height-column av-align-middle  '     ><section  class='av_textblock_section av-k5sero3q-8c1e64bf4307c037ad51ff0d8f7753f6 '   itemscope=\"itemscope\" itemtype=\"https:\/\/schema.org\/CreativeWork\" ><div class='avia_textblock'  itemprop=\"text\" ><p>\u201eProfessionell &#8211; schnell &#8211; aussagekr\u00e4ftige Ergebnisse &#8211; Umfrage nicht als zus\u00e4tzlichen Arbeit empfunden.\u201c<\/p>\n<p style=\"text-align: right;\"><strong> K.N. B\u00fcroleiterin Aqua&amp;Soul<\/strong><\/p>\n<\/div><\/section><\/div><div class='av-flex-placeholder'><\/div>\n<style type=\"text\/css\" data-created_by=\"avia_inline_auto\" id=\"style-css-av-k5sffwjh-3-3ad3287a9384c15b87a1b5288f562e02\">\n.flex_column.av-k5sffwjh-3-3ad3287a9384c15b87a1b5288f562e02{\nborder-radius:0px 0px 0px 0px;\npadding:3% 3% 3% 3%;\nbackground-color:#ffffff;\n}\n<\/style>\n<div  class='flex_column av-k5sffwjh-3-3ad3287a9384c15b87a1b5288f562e02 av_one_half  avia-builder-el-23  el_after_av_one_half  el_before_av_one_half  flex_column_table_cell av-equal-height-column av-align-middle  '     ><section  class='av_textblock_section av-k5seqc5g-e7e3fb597f8f891d55d9ec95e753fdac '   itemscope=\"itemscope\" itemtype=\"https:\/\/schema.org\/CreativeWork\" ><div class='avia_textblock'  itemprop=\"text\" ><p>\u201eThese customer hints helped us to improve our quality &#8211; as required by ISO 9001:2015.\u201d<\/p>\n<p style=\"text-align: right;\"><strong>J.T. Leiter Qualit\u00e4t bei RFS<\/strong><\/p>\n<\/div><\/section><\/div><\/div><!--close column table wrapper. Autoclose: 1 -->\n<style type=\"text\/css\" data-created_by=\"avia_inline_auto\" id=\"style-css-av-k5sffwjh-2-5ebbeab18509959c6a8e27723ec1178b\">\n.flex_column.av-k5sffwjh-2-5ebbeab18509959c6a8e27723ec1178b{\nborder-radius:0px 0px 0px 0px;\npadding:3% 3% 3% 3%;\nbackground-color:#ffffff;\n}\n<\/style>\n<div  class='flex_column av-k5sffwjh-2-5ebbeab18509959c6a8e27723ec1178b av_one_half  avia-builder-el-25  el_after_av_one_half  el_before_av_one_half  first flex_column_div  column-top-margin'     ><section  class='av_textblock_section av-k5seoxrv-10-f9c58ace3d645efcf90a8ff5df137a18 '   itemscope=\"itemscope\" itemtype=\"https:\/\/schema.org\/CreativeWork\" ><div class='avia_textblock'  itemprop=\"text\" ><p>\u201eWir haben uns \u00fcber die Responsequote von mehr als 60 % und das sehr detaillierte Feedback sowie die zahlreichen Hinweise gefreut.\u201c<\/p>\n<p style=\"text-align: right;\"><strong>L.S. Gesch\u00e4ftsf\u00fchrer Speer EDV<\/strong><\/p>\n<\/div><\/section><\/div>\n<style type=\"text\/css\" data-created_by=\"avia_inline_auto\" id=\"style-css-av-k5sffwjh-1-44811654941245e4cdbf4d6524e22f72\">\n.flex_column.av-k5sffwjh-1-44811654941245e4cdbf4d6524e22f72{\nborder-radius:0px 0px 0px 0px;\npadding:3% 3% 3% 3%;\nbackground-color:#dddddd;\n}\n<\/style>\n<div  class='flex_column av-k5sffwjh-1-44811654941245e4cdbf4d6524e22f72 av_one_half  avia-builder-el-27  el_after_av_one_half  avia-builder-el-last  flex_column_div  column-top-margin'     ><section  class='av_textblock_section av-k5sepn1z-8-f6eff6c8177146ac3e0e47105088377c '   itemscope=\"itemscope\" itemtype=\"https:\/\/schema.org\/CreativeWork\" ><div class='avia_textblock'  itemprop=\"text\" ><p>\u201eJenseits der Ideen und Anregungen lag f\u00fcr mich der gr\u00f6\u00dfte Gewinn in der Kommunikation mit den Kunden. Sie f\u00fchlten sich wertgesch\u00e4tzt und anerkannt.\u201c<\/p>\n<p style=\"text-align: right;\"><strong>S.K. Gesch\u00e4ftsf\u00fchrer Aqua&amp;Soul<\/strong><\/p>\n<\/div><\/section><\/div>\n\n","protected":false},"excerpt":{"rendered":"","protected":false},"author":1,"featured_media":0,"parent":0,"menu_order":0,"comment_status":"closed","ping_status":"closed","template":"","meta":{"footnotes":""},"class_list":["post-4751","page","type-page","status-publish","hentry"],"_links":{"self":[{"href":"https:\/\/myquickmessage.com\/index.php?rest_route=\/wp\/v2\/pages\/4751","targetHints":{"allow":["GET"]}}],"collection":[{"href":"https:\/\/myquickmessage.com\/index.php?rest_route=\/wp\/v2\/pages"}],"about":[{"href":"https:\/\/myquickmessage.com\/index.php?rest_route=\/wp\/v2\/types\/page"}],"author":[{"embeddable":true,"href":"https:\/\/myquickmessage.com\/index.php?rest_route=\/wp\/v2\/users\/1"}],"replies":[{"embeddable":true,"href":"https:\/\/myquickmessage.com\/index.php?rest_route=%2Fwp%2Fv2%2Fcomments&post=4751"}],"version-history":[{"count":83,"href":"https:\/\/myquickmessage.com\/index.php?rest_route=\/wp\/v2\/pages\/4751\/revisions"}],"predecessor-version":[{"id":5153,"href":"https:\/\/myquickmessage.com\/index.php?rest_route=\/wp\/v2\/pages\/4751\/revisions\/5153"}],"wp:attachment":[{"href":"https:\/\/myquickmessage.com\/index.php?rest_route=%2Fwp%2Fv2%2Fmedia&parent=4751"}],"curies":[{"name":"wp","href":"https:\/\/api.w.org\/{rel}","templated":true}]}}