{"id":4135,"date":"2019-08-22T09:19:12","date_gmt":"2019-08-22T08:19:12","guid":{"rendered":"http:\/\/myquickmessage.com\/?page_id=4135"},"modified":"2019-08-22T09:20:46","modified_gmt":"2019-08-22T08:20:46","slug":"iso-9001","status":"publish","type":"page","link":"https:\/\/myquickmessage.com\/?page_id=4135","title":{"rendered":"ISO 9001"},"content":{"rendered":"\n<style type=\"text\/css\" data-created_by=\"avia_inline_auto\" id=\"style-css-av-av_heading-492c666aec26f1f17dabef92ce86b6a9\">\n#top .av-special-heading.av-av_heading-492c666aec26f1f17dabef92ce86b6a9{\npadding-bottom:10px;\n}\nbody .av-special-heading.av-av_heading-492c666aec26f1f17dabef92ce86b6a9 .av-special-heading-tag .heading-char{\nfont-size:25px;\n}\n.av-special-heading.av-av_heading-492c666aec26f1f17dabef92ce86b6a9 .av-subheading{\nfont-size:15px;\n}\n<\/style>\n<div  class='av-special-heading av-av_heading-492c666aec26f1f17dabef92ce86b6a9 av-special-heading-h2  avia-builder-el-0  el_before_av_textblock  avia-builder-el-first '><h2 class='av-special-heading-tag '  itemprop=\"headline\"  >DIN EN ISO 9001:2015<\/h2><div class=\"special-heading-border\"><div class=\"special-heading-inner-border\"><\/div><\/div><\/div>\n<section  class='av_textblock_section av-jzmezyro-7f9f9554c91ee8bfd2b9d15138f45da2 '   itemscope=\"itemscope\" itemtype=\"https:\/\/schema.org\/CreativeWork\" ><div class='avia_textblock'  itemprop=\"text\" ><h3>9.1.2 Kundenzufriedenheit<\/h3>\n<ul>\n<li>Die Organisation muss die Wahrnehmungen des Kunden in dem Ausma\u00df \u00fcberwachen, dass sie feststellen kann, ob die Anforderungen erf\u00fcllt wurden.<\/li>\n<li>Die Organisation muss Informationen \u00fcber den Eindruck des Kunden und dessen Meinung \u00fcber die Organisation und deren Produkte und Dienstleistungen einholen.<\/li>\n<li>Die Methoden zum Einholen und Verwenden dieser Informationen m\u00fcssen bestimmt werden.<\/li>\n<\/ul>\n<\/div><\/section>\n","protected":false},"excerpt":{"rendered":"","protected":false},"author":1,"featured_media":0,"parent":0,"menu_order":0,"comment_status":"closed","ping_status":"closed","template":"","meta":{"footnotes":""},"class_list":["post-4135","page","type-page","status-publish","hentry"],"_links":{"self":[{"href":"https:\/\/myquickmessage.com\/index.php?rest_route=\/wp\/v2\/pages\/4135","targetHints":{"allow":["GET"]}}],"collection":[{"href":"https:\/\/myquickmessage.com\/index.php?rest_route=\/wp\/v2\/pages"}],"about":[{"href":"https:\/\/myquickmessage.com\/index.php?rest_route=\/wp\/v2\/types\/page"}],"author":[{"embeddable":true,"href":"https:\/\/myquickmessage.com\/index.php?rest_route=\/wp\/v2\/users\/1"}],"replies":[{"embeddable":true,"href":"https:\/\/myquickmessage.com\/index.php?rest_route=%2Fwp%2Fv2%2Fcomments&post=4135"}],"version-history":[{"count":3,"href":"https:\/\/myquickmessage.com\/index.php?rest_route=\/wp\/v2\/pages\/4135\/revisions"}],"predecessor-version":[{"id":4140,"href":"https:\/\/myquickmessage.com\/index.php?rest_route=\/wp\/v2\/pages\/4135\/revisions\/4140"}],"wp:attachment":[{"href":"https:\/\/myquickmessage.com\/index.php?rest_route=%2Fwp%2Fv2%2Fmedia&parent=4135"}],"curies":[{"name":"wp","href":"https:\/\/api.w.org\/{rel}","templated":true}]}}