{"id":3854,"date":"2019-08-05T11:48:08","date_gmt":"2019-08-05T10:48:08","guid":{"rendered":"http:\/\/myquickmessage.com\/?page_id=3854"},"modified":"2022-05-13T08:44:07","modified_gmt":"2022-05-13T07:44:07","slug":"mqm-berechnung","status":"publish","type":"page","link":"https:\/\/myquickmessage.com\/?page_id=3854","title":{"rendered":"Aufwand und Nutzen"},"content":{"rendered":"\n<style type=\"text\/css\" data-created_by=\"avia_inline_auto\" id=\"style-css-av-jzs8hrri-fa64330edfd5288dbef7792b16423349\">\n.avia-section.av-jzs8hrri-fa64330edfd5288dbef7792b16423349{\nbackground-repeat:no-repeat;\nbackground-image:url(https:\/\/myquickmessage.com\/wp-content\/uploads\/2020\/02\/mQM-2020-02-11_7.jpg);\nbackground-position:50% 50%;\nbackground-attachment:scroll;\n}\n<\/style>\n<div id='av_section_1'  class='avia-section av-jzs8hrri-fa64330edfd5288dbef7792b16423349 main_color avia-section-default avia-no-border-styling  avia-builder-el-0  el_before_av_section  avia-builder-el-first  avia-bg-style-scroll av-minimum-height av-minimum-height-30 av-height-percent  container_wrap fullsize'  data-section-bg-repeat='no-repeat' data-av_minimum_height_pc='30' data-av_min_height_opt='percent'><div class='container av-section-cont-open' ><main  role=\"main\" itemprop=\"mainContentOfPage\"  class='template-page content  av-content-full alpha units'><div class='post-entry post-entry-type-page post-entry-3854'><div class='entry-content-wrapper clearfix'>\n<\/div><\/div><\/main><!-- close content main element --><\/div><\/div><div id='av_section_2'  class='avia-section av-11rnyj-b18dc704004da77461cc2215fcd60b58 main_color avia-section-default avia-no-border-styling  avia-builder-el-1  el_after_av_section  el_before_av_section  avia-bg-style-scroll container_wrap fullsize'  ><div class='container av-section-cont-open' ><div class='template-page content  av-content-full alpha units'><div class='post-entry post-entry-type-page post-entry-3854'><div class='entry-content-wrapper clearfix'>\n\n<style type=\"text\/css\" data-created_by=\"avia_inline_auto\" id=\"style-css-av-28woda-960dc26ffa7027f900da2c64a9c3c410\">\n#top .av-special-heading.av-28woda-960dc26ffa7027f900da2c64a9c3c410{\npadding-bottom:0;\n}\nbody .av-special-heading.av-28woda-960dc26ffa7027f900da2c64a9c3c410 .av-special-heading-tag .heading-char{\nfont-size:25px;\n}\n.av-special-heading.av-28woda-960dc26ffa7027f900da2c64a9c3c410 .av-subheading{\nfont-size:15px;\n}\n<\/style>\n<div  class='av-special-heading av-28woda-960dc26ffa7027f900da2c64a9c3c410 av-special-heading-h1  avia-builder-el-2  el_before_av_textblock  avia-builder-el-first '><h1 class='av-special-heading-tag '  itemprop=\"headline\"  >Aufwand und Nutzen<\/h1><div class=\"special-heading-border\"><div class=\"special-heading-inner-border\"><\/div><\/div><\/div>\n<section  class='av_textblock_section av-jz9w3g0g-1c783512b57aca1efb365c93e27df615 '   itemscope=\"itemscope\" itemtype=\"https:\/\/schema.org\/CreativeWork\" ><div class='avia_textblock'  itemprop=\"text\" ><p>Eine Abfrage erfordert \u00fcblicherweise drei Schritte<\/p>\n<\/div><\/section>\n\n<style type=\"text\/css\" data-created_by=\"avia_inline_auto\" id=\"style-css-av-v4aob-29972c64b6c31fe09ace999e42f95d33\">\n.flex_column.av-v4aob-29972c64b6c31fe09ace999e42f95d33{\nborder-radius:0px 0px 0px 0px;\npadding:0px 0px 0px 0px;\n}\n<\/style>\n<div  class='flex_column av-v4aob-29972c64b6c31fe09ace999e42f95d33 av_one_full  avia-builder-el-4  el_after_av_textblock  avia-builder-el-last  first flex_column_div av-zero-column-padding  column-top-margin'     ><style type=\"text\/css\" data-created_by=\"avia_inline_auto\" id=\"style-css-sub-av-ooatn-3ca7e9e84304b183b02abaa7b1f04b32\">\n.avia-timeline-container .av-milestone.av-5vx41a-6bb396d5892695b9bddf48a5d3978320 .av-milestone-icon-inner{\nbackground-color:#6b6b6b;\n}\n.avia-timeline-container .av-milestone.av-5vx41a-6bb396d5892695b9bddf48a5d3978320 .av-milestone-indicator{\nbackground-color:#6b6b6b;\n}\n.avia-timeline-container .av-milestone.av-5vx41a-6bb396d5892695b9bddf48a5d3978320 .av-milestone-article-footer{\nbackground-color:#6b6b6b;\n}\n.avia-timeline-container .av-milestone.av-3ursni-7efdd155ee86a601875f4cd6eb878289 .av-milestone-icon-inner{\nbackground-color:#6b6b6b;\n}\n.avia-timeline-container .av-milestone.av-3ursni-7efdd155ee86a601875f4cd6eb878289 .av-milestone-indicator{\nbackground-color:#6b6b6b;\n}\n.avia-timeline-container .av-milestone.av-3ursni-7efdd155ee86a601875f4cd6eb878289 .av-milestone-article-footer{\nbackground-color:#6b6b6b;\n}\n.avia-timeline-container .av-milestone.av-b5j4u-c0506bcd09c2d5d843f0914f986ccd12 .av-milestone-icon-inner{\nbackground-color:#6b6b6b;\n}\n.avia-timeline-container .av-milestone.av-b5j4u-c0506bcd09c2d5d843f0914f986ccd12 .av-milestone-indicator{\nbackground-color:#6b6b6b;\n}\n.avia-timeline-container .av-milestone.av-b5j4u-c0506bcd09c2d5d843f0914f986ccd12 .av-milestone-article-footer{\nbackground-color:#6b6b6b;\n}\n<\/style>\n<div  id=\"avia-timeline-1\"  class='avia-timeline-container av-ooatn-3ca7e9e84304b183b02abaa7b1f04b32 av-slideshow-ui  avia-builder-el-5  avia-builder-el-no-sibling ' ><ul class='avia-timeline avia-timeline-vertical av-milestone-placement-left avia-timeline-boxshadow avia_animate_when_almost_visible avia-timeline-animate'>\n<li  class='av-milestone av-5vx41a-6bb396d5892695b9bddf48a5d3978320 av-animated-generic fade-in av-milestone-valign-middle av-milestone-odd'><h2 class='av-milestone-date ' id='milestone-1' ><strong>1.<span class='av-milestone-indicator'><\/span><\/strong><\/h2><div class=\"av-milestone-icon-wrap\"><span class='av-milestone-icon milestone_icon avia-font-entypo-fontello'><span class='av-milestone-icon-inner milestone_inner'><i class='milestone-char avia-iconfont avia-font-entypo-fontello' data-av_icon='\ue81d' data-av_iconfont='entypo-fontello' ><\/i><\/span><\/span><\/div><article class='av-milestone-content-wrap'><div class='av-milestone-contentbox'><header class=\"entry-content-header\" aria-label=\"Milestone: Planen\"><h4 class='av-milestone-title '>Planen<\/h4><\/header><div class='av-milestone-content'><p>Wer soll befragt werden? Wann? Mit welchen Fragen? Wer wertet aus und nutzt die Ergebnisse?<\/p>\n<\/div><\/div><footer class='av-milestone-article-footer entry-footer'><\/footer><\/article><\/li>\n<li  class='av-milestone av-3ursni-7efdd155ee86a601875f4cd6eb878289 av-animated-generic fade-in av-milestone-valign-middle av-milestone-even'><h2 class='av-milestone-date ' id='milestone-2' ><strong>2.<span class='av-milestone-indicator'><\/span><\/strong><\/h2><div class=\"av-milestone-icon-wrap\"><span class='av-milestone-icon milestone_icon avia-font-entypo-fontello'><span class='av-milestone-icon-inner milestone_inner'><i class='milestone-char avia-iconfont avia-font-entypo-fontello' data-av_icon='\ue836' data-av_iconfont='entypo-fontello' ><\/i><\/span><\/span><\/div><article class='av-milestone-content-wrap'><div class='av-milestone-contentbox'><header class=\"entry-content-header\" aria-label=\"Milestone: Durchf\u00fchren\"><h4 class='av-milestone-title '>Durchf\u00fchren<\/h4><\/header><div class='av-milestone-content'><p>Teilnehmer befragen und Antworten analysieren<\/p>\n<\/div><\/div><footer class='av-milestone-article-footer entry-footer'><\/footer><\/article><\/li>\n<li  class='av-milestone av-b5j4u-c0506bcd09c2d5d843f0914f986ccd12 av-animated-generic fade-in av-milestone-valign-middle av-milestone-odd'><h2 class='av-milestone-date ' id='milestone-3' ><strong>3.<span class='av-milestone-indicator'><\/span><\/strong><\/h2><div class=\"av-milestone-icon-wrap\"><span class='av-milestone-icon milestone_icon avia-font-entypo-fontello'><span class='av-milestone-icon-inner milestone_inner'><i class='milestone-char avia-iconfont avia-font-entypo-fontello' data-av_icon='\ue812' data-av_iconfont='entypo-fontello' ><\/i><\/span><\/span><\/div><article class='av-milestone-content-wrap'><div class='av-milestone-contentbox'><header class=\"entry-content-header\" aria-label=\"Milestone: Ergebnisse nutzen\"><h4 class='av-milestone-title '>Ergebnisse nutzen<\/h4><\/header><div class='av-milestone-content'><p>Feedback an die Teilnehmer &#8211; Erkenntnisse umsetzen um Ihre Ziele f\u00fcr die Abfrage zu erreichen<\/p>\n<\/div><\/div><footer class='av-milestone-article-footer entry-footer'><\/footer><\/article><\/li>\n<\/ul><\/div><\/div>\n\n<\/div><\/div><\/div><!-- close content main div --><\/div><\/div><div id='av_section_3'  class='avia-section av-11rnyj-c7ee612b46b63d610d2c2a86ba516385 alternate_color avia-section-default avia-no-border-styling  avia-builder-el-6  el_after_av_section  el_before_av_section  avia-bg-style-scroll container_wrap fullsize'  ><div class='container av-section-cont-open' ><div class='template-page content  av-content-full alpha units'><div class='post-entry post-entry-type-page post-entry-3854'><div class='entry-content-wrapper clearfix'>\n\n<style type=\"text\/css\" data-created_by=\"avia_inline_auto\" id=\"style-css-av-2o5svy-90800ea949d8feea85067f0ffd2708d6\">\n#top .flex_column.av-2o5svy-90800ea949d8feea85067f0ffd2708d6{\nmargin-top:0px;\nmargin-bottom:0px;\n}\n.flex_column.av-2o5svy-90800ea949d8feea85067f0ffd2708d6{\nborder-radius:0px 0px 0px 0px;\npadding:0px 0px 0px 0px;\n}\n.responsive #top #wrap_all .flex_column.av-2o5svy-90800ea949d8feea85067f0ffd2708d6{\nmargin-top:0px;\nmargin-bottom:0px;\n}\n<\/style>\n<div  class='flex_column av-2o5svy-90800ea949d8feea85067f0ffd2708d6 av_one_full  avia-builder-el-7  avia-builder-el-no-sibling  first no_margin flex_column_div av-zero-column-padding  '     ><section  class='av_textblock_section av-jyyhf2lt-70fb691c38c171500383e307059fbc87 '   itemscope=\"itemscope\" itemtype=\"https:\/\/schema.org\/CreativeWork\" ><div class='avia_textblock'  itemprop=\"text\" ><h2><strong>Geringer Aufwand f\u00fcr Sie<\/strong><\/h2>\n<p>myQuickMessage \u00fcbernimmt die Frage, das Durchf\u00fchren und die Auswertung mit KI-Unterst\u00fctzung. Sie k\u00f6nnen sich auf zwei Themen konzentrieren:<\/p>\n<ul>\n<li>Wen will ich wann befragen?<\/li>\n<li>Wer macht was mit den Ergebnissen?<\/li>\n<\/ul>\n<p>Gerne unterst\u00fctzen wir Sie dabei mit unserer Erfahrung. Durch die einfache Methode erfordert die Planung und Durchf\u00fchrung wenig\u00a0 Ihrer Zeit. Ihr Schwerpunkt liegt jetzt im Nutzen der Erkenntnisse.<\/p>\n<p>Mehr Infos zur Methode und zu unserer Vorgehensweise finden Sie auf der Seite <u><a href=\"http:\/\/myquickmessage.com\/?page_id=3465\">Angebot<\/a><\/u>.<\/p>\n<\/div><\/section><\/div><\/div><\/div><\/div><!-- close content main div --><\/div><\/div><div id='av_section_4'  class='avia-section av-11rnyj-b18dc704004da77461cc2215fcd60b58 main_color avia-section-default avia-no-border-styling  avia-builder-el-9  el_after_av_section  el_before_av_section  avia-bg-style-scroll container_wrap fullsize'  ><div class='container av-section-cont-open' ><div class='template-page content  av-content-full alpha units'><div class='post-entry post-entry-type-page post-entry-3854'><div class='entry-content-wrapper clearfix'>\n\n<style type=\"text\/css\" data-created_by=\"avia_inline_auto\" id=\"style-css-av-2o5svy-90800ea949d8feea85067f0ffd2708d6\">\n#top .flex_column.av-2o5svy-90800ea949d8feea85067f0ffd2708d6{\nmargin-top:0px;\nmargin-bottom:0px;\n}\n.flex_column.av-2o5svy-90800ea949d8feea85067f0ffd2708d6{\nborder-radius:0px 0px 0px 0px;\npadding:0px 0px 0px 0px;\n}\n.responsive #top #wrap_all .flex_column.av-2o5svy-90800ea949d8feea85067f0ffd2708d6{\nmargin-top:0px;\nmargin-bottom:0px;\n}\n<\/style>\n<div  class='flex_column av-2o5svy-90800ea949d8feea85067f0ffd2708d6 av_one_full  avia-builder-el-10  avia-builder-el-no-sibling  first no_margin flex_column_div av-zero-column-padding  '     ><section  class='av_textblock_section av-jyyhf2lt-22f92fe30ddb86c5e5ecd7bdb45914bf '   itemscope=\"itemscope\" itemtype=\"https:\/\/schema.org\/CreativeWork\" ><div class='avia_textblock'  itemprop=\"text\" ><h2><strong>Ihr Nutzen<\/strong><\/h2>\n<ul>\n<li>eine \u00fcbersichtliche Darstellung der Bewertung &#8211; als quantitative Grafik und als Wortwolke<\/li>\n<li>Ranking der wichtigsten Themen f\u00fcr die Teilnehmer, z.B. Beratung, Lieferzeit, Qualit\u00e4t, etc.<\/li>\n<li>konkrete Hinweise auf Ihre St\u00e4rken &#8211; dieses Lob nutzen Sie f\u00fcr Ihre Werbung und zur Motivation der Mitarbeiter.<\/li>\n<li>konkrete Hinweise auf Ihre Schw\u00e4chen &#8211; Grundlage f\u00fcr sichtbare Verbesserungen.<\/li>\n<li>Nachweis der Wirkung Ihrer Massnahmen &#8211; vorher gegen\u00fcber nachher.<\/li>\n<li>Qualit\u00e4tsnachweis gem\u00e4\u00df <u><a href=\"http:\/\/myquickmessage.com\/?page_id=4135\" target=\"_blank\" rel=\"noopener\">ISO 9001<\/a><\/u><\/li>\n<li>Die Teilnehmer f\u00fchlen sich ernst genommen: \u201eIch werde geh\u00f6rt. Meine Hinweise sind angekommen.\u201c<\/li>\n<\/ul>\n<p>Konkrete Beispiele f\u00fcr diese Vorteile finden Sie auf der Seite <u><a href=\"http:\/\/myquickmessage.com\/?page_id=945\">Referenzen<\/a><\/u>.<\/p>\n<\/div><\/section><\/div>\n<\/p>\n<\/div><\/div><\/div><!-- close content main div --><\/div><\/div><div id='av_section_5'  class='avia-section av-11rnyj-c7ee612b46b63d610d2c2a86ba516385 alternate_color avia-section-default avia-no-border-styling  avia-builder-el-12  el_after_av_section  avia-builder-el-last  avia-bg-style-scroll container_wrap fullsize'  ><div class='container av-section-cont-open' ><div class='template-page content  av-content-full alpha units'><div class='post-entry post-entry-type-page post-entry-3854'><div class='entry-content-wrapper clearfix'>\n<section  class='av_textblock_section av-jyyhf2lt-22f92fe30ddb86c5e5ecd7bdb45914bf '   itemscope=\"itemscope\" itemtype=\"https:\/\/schema.org\/CreativeWork\" ><div class='avia_textblock'  itemprop=\"text\" ><h2><strong>Loyalit\u00e4t ist der Hauptnutzen einer Abfrage mit myQuickMessage<\/strong><\/h2>\n<p>Um diese Bindung zu erreichen, sollten die Ergebnisse m\u00f6glichst bald an die Teilnehmer zur\u00fcckgemeldet werden.<\/p>\n<p>In einer Email oder noch besser bei einem Treffen werden die Erkenntnisse zusammengefasst:<\/p>\n<ul>\n<li>\u201eDas sind die Ergebnisse. Wir haben verstanden, dass \u2026. Wir planen folgende Ver\u00e4nderungen: \u2026\u201c<\/li>\n<\/ul>\n<p>Jetzt f\u00fchlen sich die Teilnehmer wertgesch\u00e4tzt. Ihr Beitrag ist angekommen und hilft zur Weiterentwicklung der Beziehung.<\/p>\n<\/div><\/section>\n<div  class='hr av-3rb9mm-5e3dd60f9aed9d08360ca86b858fe751 hr-default  avia-builder-el-14  el_after_av_textblock  el_before_av_textblock '><span class='hr-inner '><span class=\"hr-inner-style\"><\/span><\/span><\/div>\n<section  class='av_textblock_section av-jyyhf2lt-22f92fe30ddb86c5e5ecd7bdb45914bf '   itemscope=\"itemscope\" itemtype=\"https:\/\/schema.org\/CreativeWork\" ><div class='avia_textblock'  itemprop=\"text\" ><h2><strong>Beispiel einer Ergebnisdarstellung (Ausschnitt)<\/strong><\/h2>\n<\/div><\/section>\n\n<style type=\"text\/css\" data-created_by=\"avia_inline_auto\" id=\"style-css-av-9peqgp-a0327df4d41867cf62f96e9f7ddee1a0\">\n.flex_column.av-9peqgp-a0327df4d41867cf62f96e9f7ddee1a0{\nborder-radius:0px 0px 0px 0px;\npadding:0px 0px 0px 0px;\n}\n<\/style>\n<div  class='flex_column av-9peqgp-a0327df4d41867cf62f96e9f7ddee1a0 av_one_half  avia-builder-el-16  el_after_av_textblock  el_before_av_one_half  first flex_column_div av-zero-column-padding  column-top-margin'     ><style type=\"text\/css\" data-created_by=\"avia_inline_auto\" id=\"style-css-av-jzqlh0j8-d18df44da1c7d9320bef6d0105e5eca0\">\n.avia-image-container.av-jzqlh0j8-d18df44da1c7d9320bef6d0105e5eca0 img.avia_image{\nbox-shadow:none;\n}\n.avia-image-container.av-jzqlh0j8-d18df44da1c7d9320bef6d0105e5eca0 .av-caption-image-overlay-bg{\nopacity:0.4;\nbackground-color:#000000;\n}\n.avia-image-container.av-jzqlh0j8-d18df44da1c7d9320bef6d0105e5eca0 .av-image-caption-overlay-center{\ncolor:#ffffff;\n}\n<\/style>\n<div  class='avia-image-container av-jzqlh0j8-d18df44da1c7d9320bef6d0105e5eca0 av-styling- avia-align-center  avia-builder-el-17  avia-builder-el-no-sibling  noHover av-overlay-on-hover'   itemprop=\"image\" itemscope=\"itemscope\" itemtype=\"https:\/\/schema.org\/ImageObject\" ><div class=\"avia-image-container-inner\"><div class=\"avia-image-overlay-wrap\"><div class=\"av-image-caption-overlay\"><div class=\"av-caption-image-overlay-bg\"><\/div><div class=\"av-image-caption-overlay-position\"><div class=\"av-image-caption-overlay-center\"><p>Verteilung der Antworten<\/p>\n<\/div><\/div><\/div><img fetchpriority=\"high\" class='wp-image-4569 avia-img-lazy-loading-not-4569 avia_image ' src='https:\/\/myquickmessage.com\/wp-content\/uploads\/2019\/08\/Auswertung1.png' alt='' title='Auswertung1'  height=\"518\" width=\"1000\"  itemprop=\"thumbnailUrl\"  \/><\/div><\/div><\/div><\/div>\n<style type=\"text\/css\" data-created_by=\"avia_inline_auto\" id=\"style-css-av-9peqgp-4e695a028e31ec21bab81142dbaf69ba\">\n.flex_column.av-9peqgp-4e695a028e31ec21bab81142dbaf69ba{\nborder-radius:0px 0px 0px 0px;\npadding:0px 0px 0px 0px;\n}\n<\/style>\n<div  class='flex_column av-9peqgp-4e695a028e31ec21bab81142dbaf69ba av_one_half  avia-builder-el-18  el_after_av_one_half  avia-builder-el-last  flex_column_div av-zero-column-padding  column-top-margin'     ><style type=\"text\/css\" data-created_by=\"avia_inline_auto\" id=\"style-css-av-jzqlh0j8-53529bf61afd43ced57a82aadb937347\">\n.avia-image-container.av-jzqlh0j8-53529bf61afd43ced57a82aadb937347 img.avia_image{\nbox-shadow:none;\n}\n.avia-image-container.av-jzqlh0j8-53529bf61afd43ced57a82aadb937347 .av-caption-image-overlay-bg{\nopacity:0.4;\nbackground-color:#000000;\n}\n.avia-image-container.av-jzqlh0j8-53529bf61afd43ced57a82aadb937347 .av-image-caption-overlay-center{\ncolor:#ffffff;\n}\n<\/style>\n<div  class='avia-image-container av-jzqlh0j8-53529bf61afd43ced57a82aadb937347 av-styling- avia-align-center  avia-builder-el-19  avia-builder-el-no-sibling  noHover av-overlay-on-hover'   itemprop=\"image\" itemscope=\"itemscope\" itemtype=\"https:\/\/schema.org\/ImageObject\" ><div class=\"avia-image-container-inner\"><div class=\"avia-image-overlay-wrap\"><div class=\"av-image-caption-overlay\"><div class=\"av-caption-image-overlay-bg\"><\/div><div class=\"av-image-caption-overlay-position\"><div class=\"av-image-caption-overlay-center\"><p>Wortwolke<\/p>\n<\/div><\/div><\/div><img fetchpriority=\"high\" class='wp-image-4583 avia-img-lazy-loading-not-4583 avia_image ' src='https:\/\/myquickmessage.com\/wp-content\/uploads\/2019\/08\/Auswertung2.png' alt='' title='Auswertung2'  height=\"512\" width=\"1000\"  itemprop=\"thumbnailUrl\"  \/><\/div><\/div><\/div><\/div>\n\n","protected":false},"excerpt":{"rendered":"","protected":false},"author":1,"featured_media":0,"parent":0,"menu_order":0,"comment_status":"closed","ping_status":"closed","template":"","meta":{"footnotes":""},"class_list":["post-3854","page","type-page","status-publish","hentry"],"_links":{"self":[{"href":"https:\/\/myquickmessage.com\/index.php?rest_route=\/wp\/v2\/pages\/3854","targetHints":{"allow":["GET"]}}],"collection":[{"href":"https:\/\/myquickmessage.com\/index.php?rest_route=\/wp\/v2\/pages"}],"about":[{"href":"https:\/\/myquickmessage.com\/index.php?rest_route=\/wp\/v2\/types\/page"}],"author":[{"embeddable":true,"href":"https:\/\/myquickmessage.com\/index.php?rest_route=\/wp\/v2\/users\/1"}],"replies":[{"embeddable":true,"href":"https:\/\/myquickmessage.com\/index.php?rest_route=%2Fwp%2Fv2%2Fcomments&post=3854"}],"version-history":[{"count":79,"href":"https:\/\/myquickmessage.com\/index.php?rest_route=\/wp\/v2\/pages\/3854\/revisions"}],"predecessor-version":[{"id":5127,"href":"https:\/\/myquickmessage.com\/index.php?rest_route=\/wp\/v2\/pages\/3854\/revisions\/5127"}],"wp:attachment":[{"href":"https:\/\/myquickmessage.com\/index.php?rest_route=%2Fwp%2Fv2%2Fmedia&parent=3854"}],"curies":[{"name":"wp","href":"https:\/\/api.w.org\/{rel}","templated":true}]}}