{"id":3482,"date":"2019-06-18T16:32:08","date_gmt":"2019-06-18T15:32:08","guid":{"rendered":"http:\/\/myquickmessage.com\/?page_id=3482"},"modified":"2025-05-13T09:24:35","modified_gmt":"2025-05-13T08:24:35","slug":"ueber-uns","status":"publish","type":"page","link":"https:\/\/myquickmessage.com\/?page_id=3482","title":{"rendered":"Team"},"content":{"rendered":"<div id='av_section_1'  class='avia-section av-jx1ym4ly-43ca9d2ccf3c0eb65ed4e62613c3549b alternate_color avia-section-default avia-no-border-styling  avia-builder-el-0  avia-builder-el-no-sibling  avia-bg-style-scroll container_wrap fullsize'  ><div class='container av-section-cont-open' ><main  role=\"main\" itemprop=\"mainContentOfPage\"  class='template-page content  av-content-full alpha units'><div class='post-entry post-entry-type-page post-entry-3482'><div class='entry-content-wrapper clearfix'>\n\n<style type=\"text\/css\" data-created_by=\"avia_inline_auto\" id=\"style-css-av-k6go26g7-d7af349628027e493b1bef954f96ff52\">\n#top .av-special-heading.av-k6go26g7-d7af349628027e493b1bef954f96ff52{\npadding-bottom:10px;\n}\nbody .av-special-heading.av-k6go26g7-d7af349628027e493b1bef954f96ff52 .av-special-heading-tag .heading-char{\nfont-size:25px;\n}\n.av-special-heading.av-k6go26g7-d7af349628027e493b1bef954f96ff52 .av-subheading{\nfont-size:15px;\n}\n<\/style>\n<div  class='av-special-heading av-k6go26g7-d7af349628027e493b1bef954f96ff52 av-special-heading-h1  avia-builder-el-1  el_before_av_heading  avia-builder-el-first '><h1 class='av-special-heading-tag '  itemprop=\"headline\"  >Unser Team<\/h1><div class=\"special-heading-border\"><div class=\"special-heading-inner-border\"><\/div><\/div><\/div>\n\n<style type=\"text\/css\" data-created_by=\"avia_inline_auto\" id=\"style-css-av-mac9n0d8-1a03e6c375fae882495a28b99798ccc9\">\n#top .av-special-heading.av-mac9n0d8-1a03e6c375fae882495a28b99798ccc9{\npadding-bottom:10px;\n}\nbody .av-special-heading.av-mac9n0d8-1a03e6c375fae882495a28b99798ccc9 .av-special-heading-tag .heading-char{\nfont-size:25px;\n}\n.av-special-heading.av-mac9n0d8-1a03e6c375fae882495a28b99798ccc9 .av-subheading{\nfont-size:15px;\n}\n<\/style>\n<div  class='av-special-heading av-mac9n0d8-1a03e6c375fae882495a28b99798ccc9 av-special-heading-h2  avia-builder-el-2  el_after_av_heading  el_before_av_one_half '><h2 class='av-special-heading-tag '  itemprop=\"headline\"  >Grenzenlos innovativ: Wenn Facility Management, KI und Afrika zusammenkommen<\/h2><div class=\"special-heading-border\"><div class=\"special-heading-inner-border\"><\/div><\/div><\/div>\n<div  class='flex_column av-435cui-c2a36aa94a8147851a5a540855ef9f15 av_one_half  avia-builder-el-3  el_after_av_heading  el_before_av_one_half  first flex_column_div  '     ><section  class='av_textblock_section av-mac9p8k7-87bf63aee6dada9688d10dafd586dd4f '   itemscope=\"itemscope\" itemtype=\"https:\/\/schema.org\/CreativeWork\" ><div class='avia_textblock'  itemprop=\"text\" ><p>2016 hat Eckhard von M\u00fcnchow bei Nokia Siemens Networks rund 18.000 R\u00fcckmeldungen zum Facility Management (FM) eingeholt. Das Kantinenessen in Espoo schnitt mit der Durchschnittsnote 4 ab, in M\u00fcnchen nur mit 3. Aber was tun? Wie gelangt man mit m\u00f6glichst wenig Aufwand f\u00fcr Teilnehmende und Auswertende zu wirklich relevanten Aussagen?<\/p>\n<p>Die Methode \u201emyBuildingMessage\u201c von asc. Prof. (FH) Dipl.-Ing. Christian Huber (FH Kufstein) hat Eckhard damals \u00fcberzeugt \u2013 schnell, einfach und wirkungsvoll. Sie wurde nicht umsonst zur \u201eFM-Innovation des Jahres 2016\u201c gek\u00fcrt. Mit Prof. Hubers Zustimmung haben wir die Methode weiterentwickelt und als \u201emyQuickMessage\u201c in \u00fcber hundert Zufriedenheitsbefragungen eingesetzt \u2013 bei Kunden, Mitarbeitenden und FM-NutzerInnen.<\/p>\n<\/div><\/section><\/div><div  class='flex_column av-2hi622-decf1d36a057ccfaddda96cc55295676 av_one_half  avia-builder-el-5  el_after_av_one_half  el_before_av_one_fourth  flex_column_div  '     ><section  class='av_textblock_section av-mac9qn9q-3a50217e1b7d03f33b78dadc422c13e9 '   itemscope=\"itemscope\" itemtype=\"https:\/\/schema.org\/CreativeWork\" ><div class='avia_textblock'  itemprop=\"text\" ><p>Ein weiterer Meilenstein kam durch die Zusammenarbeit mit Yabebal Fantaye, einem \u00e4thiopischen Astrophysiker, der gemeinsam mit Arun Sharma die <a href=\"https:\/\/10academy.org\/\" target=\"_blank\" rel=\"noopener\">10Academy<\/a> zur F\u00f6rderung afrikanischer Data Scientists gegr\u00fcndet hat. Eckhard durfte 2018 beim Aufbau mitwirken. Inzwischen bietet die Tochterfirma <a href=\"https:\/\/gettenacious.com\/\" target=\"_blank\" rel=\"noopener\">Tenacious Intelligence Corporation<\/a> hochwertige KI-Programmierung zu fairen Preisen an \u2013 eine ideale Partnerschaft f\u00fcr den n\u00e4chsten Schritt.<\/p>\n<p>So haben Tesfaye Alemayehu und Bezawit Wondwosen die Plattform technisch neu aufgesetzt und den Zugang zu OpenAI integriert \u2013 ein echter Quantensprung f\u00fcr myQuickMessage.<\/p>\n<\/div><\/section><\/div>\n<style type=\"text\/css\" data-created_by=\"avia_inline_auto\" id=\"style-css-av-23up5m-693ed17f4176cf9086c21dddb6ba364a\">\n.flex_column.av-23up5m-693ed17f4176cf9086c21dddb6ba364a{\nborder-radius:0px 0px 0px 0px;\npadding:0px 0px 0px 0px;\n}\n<\/style>\n<div  class='flex_column av-23up5m-693ed17f4176cf9086c21dddb6ba364a av_one_fourth  avia-builder-el-7  el_after_av_one_half  el_before_av_one_fourth  first flex_column_div av-zero-column-padding  column-top-margin'     ><section  class='avia-team-member av-jx1yps27-e8e022fe8aacbf9c696ef3a14aedd86a  avia-builder-el-8  avia-builder-el-no-sibling '  itemscope=\"itemscope\" itemtype=\"https:\/\/schema.org\/Person\" ><div class=\"team-img-container\"><img fetchpriority=\"high\" class='wp-image-3484 avia-img-lazy-loading-not-3484 avia_image avia_image_team' src='https:\/\/myquickmessage.com\/wp-content\/uploads\/2019\/06\/EckhardVonMuenchow-180x180.jpg' alt='Eckhard von M\u00fcnchow'  itemprop=\"image\"   height=\"180\" width=\"180\" \/><div class=\"team-social\"><div class=\"team-social-inner\"><span class='hidden av_member_url_markup linkedin'  itemprop=\"url\" >https:\/\/www.linkedin.com\/in\/eckhardvonmuenchow\/<\/span><a href='https:\/\/www.linkedin.com\/in\/eckhardvonmuenchow\/' class='avia-team-icon av-2kerhm-ea60c4710eaa15828734724d7234e98e linkedin avia-iconfont avia-font-entypo-fontello' rel='v:url' data-avia-tooltip=\"LinkedIn\" target='_blank' data-av_icon='\ue8fc' data-av_iconfont='entypo-fontello' ><\/a><\/div><\/div><\/div><h3 class='team-member-name '  itemprop=\"name\" >Eckhard von M\u00fcnchow<\/h3><div class='team-member-job-title '  itemprop=\"jobTitle\" >Dipl.-Ing. MBA (INSEAD)<\/div><div class='team-member-description '  itemprop=\"description\" ><p>Als Kunde m\u00f6chte ich ernst genommen werden. Gerne gebe ich Feedback, aber dann soll es auch genutzt werden.<br \/>\nAls ehemaliger Qualit\u00e4tsleiter engagiere ich mich f\u00fcr Kundenzufriedenheit und den pers\u00f6nlichen Austausch: Aus einer digitalen Abfrage entstehen konkrete, gemeinsame Verbesserungen.<\/p>\n<\/div><span class='hidden team-member-affiliation'  itemprop=\"affiliation\" >Kundenabfragen: einfach, schnell, aussagekr\u00e4ftig<\/span><\/section><\/div>\n<style type=\"text\/css\" data-created_by=\"avia_inline_auto\" id=\"style-css-av-23up5m-6-70c784bbff2a1196b7574906106d610e\">\n.flex_column.av-23up5m-6-70c784bbff2a1196b7574906106d610e{\nborder-radius:0px 0px 0px 0px;\npadding:0px 0px 0px 0px;\n}\n<\/style>\n<div  class='flex_column av-23up5m-6-70c784bbff2a1196b7574906106d610e av_one_fourth  avia-builder-el-9  el_after_av_one_fourth  el_before_av_one_fourth  flex_column_div av-zero-column-padding  column-top-margin'     ><section  class='avia-team-member av-jx1yps27-5-550013bf8b2265a4d6bf96c77f1a6e89  avia-builder-el-10  avia-builder-el-no-sibling '  itemscope=\"itemscope\" itemtype=\"https:\/\/schema.org\/Person\" ><div class=\"team-img-container\"><img fetchpriority=\"high\" class='wp-image-3488 avia-img-lazy-loading-not-3488 avia_image avia_image_team' src='https:\/\/myquickmessage.com\/wp-content\/uploads\/2019\/06\/TE5_9838_1_640px-180x180.jpg' alt='Matthias Fladner'  itemprop=\"image\"   height=\"180\" width=\"180\" \/><div class=\"team-social\"><div class=\"team-social-inner\"><span class='hidden av_member_url_markup linkedin'  itemprop=\"url\" >https:\/\/www.linkedin.com\/in\/matthias-fladner<\/span><a href='https:\/\/www.linkedin.com\/in\/matthias-fladner' class='avia-team-icon av-23pzei-b5c87820e0ad491db2c35ecb8ba813d6 linkedin avia-iconfont avia-font-entypo-fontello' rel='v:url' data-avia-tooltip=\"LinkedIn\" target='_blank' data-av_icon='\ue8fc' data-av_iconfont='entypo-fontello' ><\/a><\/div><\/div><\/div><h3 class='team-member-name '  itemprop=\"name\" >Matthias Fladner<\/h3><div class='team-member-job-title '  itemprop=\"jobTitle\" >Dipl.-Ing. MBA (INSEAD)<\/div><div class='team-member-description '  itemprop=\"description\" ><p>Bei meinen verschiedenen T\u00e4tigkeiten habe ich mich immer wieder gefragt: Wie kommt unser Service an? Was meinen unsere Kunden?<br \/>\nJetzt erlebe ich, wie Menschen offen klare Hinweise geben: das gef\u00e4llt, hier klemmt es. - Das hat mir bei der Konzeption einer Veranstaltungsreihe geholfen.<\/p>\n<\/div><span class='hidden team-member-affiliation'  itemprop=\"affiliation\" >Kundenabfragen: einfach, schnell, aussagekr\u00e4ftig<\/span><\/section><\/div>\n<style type=\"text\/css\" data-created_by=\"avia_inline_auto\" id=\"style-css-av-23up5m-4-c310709040546419dbdf751d7115568a\">\n.flex_column.av-23up5m-4-c310709040546419dbdf751d7115568a{\nborder-radius:0px 0px 0px 0px;\npadding:0px 0px 0px 0px;\n}\n<\/style>\n<div  class='flex_column av-23up5m-4-c310709040546419dbdf751d7115568a av_one_fourth  avia-builder-el-11  el_after_av_one_fourth  el_before_av_one_fourth  flex_column_div av-zero-column-padding  column-top-margin'     ><section  class='avia-team-member av-jx1yps27-3-fcf2cfae25c7f19acd4f25c366bac1a6  avia-builder-el-12  avia-builder-el-no-sibling '  itemscope=\"itemscope\" itemtype=\"https:\/\/schema.org\/Person\" ><div class=\"team-img-container\"><img fetchpriority=\"high\" class='wp-image-5174 avia-img-lazy-loading-not-5174 avia_image avia_image_team' src='https:\/\/myquickmessage.com\/wp-content\/uploads\/2025\/05\/Tesfaye-Portrait-180x180.jpg' alt='Tesfaye Alemayehu'  itemprop=\"image\"   height=\"180\" width=\"180\" \/><div class=\"team-social\"><div class=\"team-social-inner\"><span class='hidden av_member_url_markup linkedin'  itemprop=\"url\" >https:\/\/www.linkedin.com\/in\/tesfaye-alemayehu\/<\/span><a href='https:\/\/www.linkedin.com\/in\/tesfaye-alemayehu\/' class='avia-team-icon av-2d7f2i-1b9d936510fd355d440596f1a4e381b6 linkedin avia-iconfont avia-font-entypo-fontello' rel='v:url' data-avia-tooltip=\"LinkedIn\" target='_blank' data-av_icon='\ue8fc' data-av_iconfont='entypo-fontello' ><\/a><\/div><\/div><\/div><h3 class='team-member-name '  itemprop=\"name\" >Tesfaye Alemayehu<\/h3><div class='team-member-job-title '  itemprop=\"jobTitle\" >Full-Stack &amp; AI Engineer<\/div><div class='team-member-description '  itemprop=\"description\" ><p>I enjoyed designing and building a system that\u2019s technically sound, easy to use, and integrates AI in a practical way. We kept the codebase flexible, the interface clean, and made sure the backend supported real-world use cases. It was a pleasure working with a team that valued both precision and usability.<\/p>\n<\/div><span class='hidden team-member-affiliation'  itemprop=\"affiliation\" >Kundenabfragen: einfach, schnell, aussagekr\u00e4ftig<\/span><\/section><\/div>\n<style type=\"text\/css\" data-created_by=\"avia_inline_auto\" id=\"style-css-av-23up5m-2-61df2165753f6daeec877feb97250de7\">\n.flex_column.av-23up5m-2-61df2165753f6daeec877feb97250de7{\nborder-radius:0px 0px 0px 0px;\npadding:0px 0px 0px 0px;\n}\n<\/style>\n<div  class='flex_column av-23up5m-2-61df2165753f6daeec877feb97250de7 av_one_fourth  avia-builder-el-13  el_after_av_one_fourth  avia-builder-el-last  flex_column_div av-zero-column-padding  column-top-margin'     ><section  class='avia-team-member av-jx1yps27-1-085422c6ec7f105a040d414207baf451  avia-builder-el-14  avia-builder-el-no-sibling '  itemscope=\"itemscope\" itemtype=\"https:\/\/schema.org\/Person\" ><div class=\"team-img-container\"><img fetchpriority=\"high\" class='wp-image-5167 avia-img-lazy-loading-not-5167 avia_image avia_image_team' src='https:\/\/myquickmessage.com\/wp-content\/uploads\/2025\/04\/Bezawit-180x180.jpg' alt='Bezawit Wondwosen'  itemprop=\"image\"   height=\"180\" width=\"180\" \/><div class=\"team-social\"><div class=\"team-social-inner\"><span class='hidden av_member_url_markup linkedin'  itemprop=\"url\" >https:\/\/www.linkedin.com\/in\/bezawit-wondwosen-2788621a2\/<\/span><a href='https:\/\/www.linkedin.com\/in\/bezawit-wondwosen-2788621a2\/' class='avia-team-icon av-2my2iy-234ae31cd76e0cdcb5f859df2e595ace linkedin avia-iconfont avia-font-entypo-fontello' rel='v:url' data-avia-tooltip=\"LinkedIn\" target='_blank' data-av_icon='\ue8fc' data-av_iconfont='entypo-fontello' ><\/a><\/div><\/div><\/div><h3 class='team-member-name '  itemprop=\"name\" >Bezawit Wondwosen<\/h3><div class='team-member-job-title '  itemprop=\"jobTitle\" >Project Manager<\/div><div class='team-member-description '  itemprop=\"description\" ><p>Working on mQM was a great example of thoughtful collaboration. I supported the team in shaping early ideas into a well-structured, usable system, and made sure we kept communication clear at every step. It was rewarding to see how closely we could work to build something meaningful.<\/p>\n<\/div><span class='hidden team-member-affiliation'  itemprop=\"affiliation\" >Kundenabfragen: einfach, schnell, aussagekr\u00e4ftig<\/span><\/section><\/div>\n","protected":false},"excerpt":{"rendered":"","protected":false},"author":1,"featured_media":0,"parent":0,"menu_order":0,"comment_status":"closed","ping_status":"closed","template":"","meta":{"footnotes":""},"class_list":["post-3482","page","type-page","status-publish","hentry"],"_links":{"self":[{"href":"https:\/\/myquickmessage.com\/index.php?rest_route=\/wp\/v2\/pages\/3482","targetHints":{"allow":["GET"]}}],"collection":[{"href":"https:\/\/myquickmessage.com\/index.php?rest_route=\/wp\/v2\/pages"}],"about":[{"href":"https:\/\/myquickmessage.com\/index.php?rest_route=\/wp\/v2\/types\/page"}],"author":[{"embeddable":true,"href":"https:\/\/myquickmessage.com\/index.php?rest_route=\/wp\/v2\/users\/1"}],"replies":[{"embeddable":true,"href":"https:\/\/myquickmessage.com\/index.php?rest_route=%2Fwp%2Fv2%2Fcomments&post=3482"}],"version-history":[{"count":39,"href":"https:\/\/myquickmessage.com\/index.php?rest_route=\/wp\/v2\/pages\/3482\/revisions"}],"predecessor-version":[{"id":5181,"href":"https:\/\/myquickmessage.com\/index.php?rest_route=\/wp\/v2\/pages\/3482\/revisions\/5181"}],"wp:attachment":[{"href":"https:\/\/myquickmessage.com\/index.php?rest_route=%2Fwp%2Fv2%2Fmedia&parent=3482"}],"curies":[{"name":"wp","href":"https:\/\/api.w.org\/{rel}","templated":true}]}}