{"id":3465,"date":"2019-06-18T15:46:39","date_gmt":"2019-06-18T14:46:39","guid":{"rendered":"http:\/\/myquickmessage.com\/?page_id=3465"},"modified":"2022-05-13T08:52:08","modified_gmt":"2022-05-13T07:52:08","slug":"angebot","status":"publish","type":"page","link":"https:\/\/myquickmessage.com\/?page_id=3465","title":{"rendered":"Angebot"},"content":{"rendered":"\n<style type=\"text\/css\" data-created_by=\"avia_inline_auto\" id=\"style-css-av-k6golf3r-83978cd384865e8c8bc6d119017f4377\">\n.avia-section.av-k6golf3r-83978cd384865e8c8bc6d119017f4377{\nbackground-repeat:no-repeat;\nbackground-image:url(https:\/\/myquickmessage.com\/wp-content\/uploads\/2020\/02\/mQM-2020-02-11_8.jpg);\nbackground-position:50% 50%;\nbackground-attachment:scroll;\n}\n<\/style>\n<div id='av_section_1'  class='avia-section av-k6golf3r-83978cd384865e8c8bc6d119017f4377 main_color avia-section-default avia-no-border-styling  avia-builder-el-0  el_before_av_section  avia-builder-el-first  avia-bg-style-scroll av-minimum-height av-minimum-height-30 av-height-percent  container_wrap fullsize'  data-section-bg-repeat='no-repeat' data-av_minimum_height_pc='30' data-av_min_height_opt='percent'><div class='container av-section-cont-open' ><main  role=\"main\" itemprop=\"mainContentOfPage\"  class='template-page content  av-content-full alpha units'><div class='post-entry post-entry-type-page post-entry-3465'><div class='entry-content-wrapper clearfix'>\n<\/div><\/div><\/main><!-- close content main element --><\/div><\/div><div id='av_section_2'  class='avia-section av-jx6aiplv-828a3302b6b62c875b8712a27520ab03 alternate_color avia-section-default avia-no-border-styling  avia-builder-el-1  el_after_av_section  el_before_av_one_full  avia-bg-style-scroll container_wrap fullsize'  ><div class='container av-section-cont-open' ><div class='template-page content  av-content-full alpha units'><div class='post-entry post-entry-type-page post-entry-3465'><div class='entry-content-wrapper clearfix'>\n\n<style type=\"text\/css\" data-created_by=\"avia_inline_auto\" id=\"style-css-av-baechl-ea8dd71470298e9d89ceb8b3813ca9d2\">\n.flex_column.av-baechl-ea8dd71470298e9d89ceb8b3813ca9d2{\nborder-radius:0px 0px 0px 0px;\npadding:0px 0px 0px 0px;\n}\n<\/style>\n<div  class='flex_column av-baechl-ea8dd71470298e9d89ceb8b3813ca9d2 av_one_full  avia-builder-el-2  el_before_av_three_fifth  avia-builder-el-first  first flex_column_div av-zero-column-padding  '     ><style type=\"text\/css\" data-created_by=\"avia_inline_auto\" id=\"style-css-av-2v3hs9-5c37f100d501500cf6d3e404e6b27dd4\">\n#top .av-special-heading.av-2v3hs9-5c37f100d501500cf6d3e404e6b27dd4{\nmargin:0 0 0 0;\npadding-bottom:0;\n}\nbody .av-special-heading.av-2v3hs9-5c37f100d501500cf6d3e404e6b27dd4 .av-special-heading-tag .heading-char{\nfont-size:25px;\n}\n.av-special-heading.av-2v3hs9-5c37f100d501500cf6d3e404e6b27dd4 .av-subheading{\nfont-size:15px;\n}\n<\/style>\n<div  class='av-special-heading av-2v3hs9-5c37f100d501500cf6d3e404e6b27dd4 av-special-heading-h1  avia-builder-el-3  avia-builder-el-no-sibling '><h1 class='av-special-heading-tag '  itemprop=\"headline\"  >myQuickMessage Methode<\/h1><div class=\"special-heading-border\"><div class=\"special-heading-inner-border\"><\/div><\/div><\/div><\/div>\n<style type=\"text\/css\" data-created_by=\"avia_inline_auto\" id=\"style-css-av-9peqgp-a0327df4d41867cf62f96e9f7ddee1a0\">\n.flex_column.av-9peqgp-a0327df4d41867cf62f96e9f7ddee1a0{\nborder-radius:0px 0px 0px 0px;\npadding:0px 0px 0px 0px;\n}\n<\/style>\n<div  class='flex_column av-9peqgp-a0327df4d41867cf62f96e9f7ddee1a0 av_three_fifth  avia-builder-el-4  el_after_av_one_full  el_before_av_two_fifth  first flex_column_div av-zero-column-padding  column-top-margin'     ><section  class='av_textblock_section av-jzbatogv-fd1a6d6278bccfd263cd9e4ff56a6165 '   itemscope=\"itemscope\" itemtype=\"https:\/\/schema.org\/CreativeWork\" ><div class='avia_textblock'  itemprop=\"text\" ><h2>Nur zwei Fragen<\/h2>\n<ol>\n<li>Wie zufrieden sind Sie mit unserem Angebot? Skala von 0 &#8211; 10<\/li>\n<li>Womit sind Sie besonders zufrieden oder unzufrieden? Offener Text<\/li>\n<\/ol>\n<p>Da die Teilnehmer gleich darunter das Feld \u201eAbschicken\u201c sehen, geben 80-90% konkrete Hinweise. Sie schreiben was ihnen besonders wichtig ist, positiv oder negativ &#8211; und geben wichtige Hinweise was ihnen gef\u00e4llt oder was sie \u00e4rgert. Sie antworten gerne, da sie nicht in ein Raster gezwungen werden, sondern schreiben k\u00f6nnen was sie besch\u00e4ftigt.<\/p>\n<p>Das quantitative Ergebnis wird im <u><a href=\"https:\/\/de.wikipedia.org\/wiki\/Net_Promoter_Score\" target=\"_blank\" rel=\"noopener noreferrer\"><strong>Net Promoter Score <\/strong><\/a><\/u>Format dargestellt<strong>.<\/strong><\/p>\n<p>Die qualitative Analyse erfolgt in zwei Schritten:<\/p>\n<ol>\n<li>Bewerten der einzelnen Aussagen: <strong><span style=\"color: #339966;\">positiv\/Lob\/zufrieden<\/span><\/strong> oder <strong><span style=\"color: #ff0000;\">negativ\/Kritik\/unzufrieden<\/span><\/strong>, manchmal auch <strong><span style=\"color: #ffcc00;\">neutral<\/span><\/strong><\/li>\n<li>Zuordnen zu Themen: Auf welches Thema bezieht sich die Aussage? z. B. Kundenkontakt, Lieferung, Preis, &#8230; oder Weiterbildung, Kultur, Gehalt, &#8230;<\/li>\n<\/ol>\n<p>Prof. Christian Huber und sein Team an der FH Kufstein haben diese Methode und das Tool f\u00fcr Geb\u00e4udemanagement entwickelt. (Download Flyer zu <u><a href=\"http:\/\/myquickmessage.com\/wp-content\/uploads\/2019\/08\/myBuildingMessage_Flyer_deutsch.pdf\" target=\"_blank\" rel=\"noopener noreferrer\">myBuildingMessage<\/a><\/u>)<\/p>\n<\/div><\/section><\/div>\n<style type=\"text\/css\" data-created_by=\"avia_inline_auto\" id=\"style-css-av-9peqgp-4e695a028e31ec21bab81142dbaf69ba\">\n.flex_column.av-9peqgp-4e695a028e31ec21bab81142dbaf69ba{\nborder-radius:0px 0px 0px 0px;\npadding:0px 0px 0px 0px;\n}\n<\/style>\n<div  class='flex_column av-9peqgp-4e695a028e31ec21bab81142dbaf69ba av_two_fifth  avia-builder-el-6  el_after_av_three_fifth  avia-builder-el-last  flex_column_div av-zero-column-padding  column-top-margin'     ><style type=\"text\/css\" data-created_by=\"avia_inline_auto\" id=\"style-css-av-jzv4mtiy-ce5399d2ffbe8a23a712cfa2c93d2eff\">\n.avia-image-container.av-jzv4mtiy-ce5399d2ffbe8a23a712cfa2c93d2eff img.avia_image{\nbox-shadow:none;\n}\n.avia-image-container.av-jzv4mtiy-ce5399d2ffbe8a23a712cfa2c93d2eff .av-image-caption-overlay-center{\ncolor:#ffffff;\n}\n<\/style>\n<div  class='avia-image-container av-jzv4mtiy-ce5399d2ffbe8a23a712cfa2c93d2eff av-styling- avia-align-center  avia-builder-el-7  avia-builder-el-no-sibling '   itemprop=\"image\" itemscope=\"itemscope\" itemtype=\"https:\/\/schema.org\/ImageObject\" ><div class=\"avia-image-container-inner\"><div class=\"avia-image-overlay-wrap\"><img fetchpriority=\"high\" class='wp-image-4534 avia-img-lazy-loading-not-4534 avia_image ' src='https:\/\/myquickmessage.com\/wp-content\/uploads\/2019\/08\/mQM-Abfrage.png' alt='' title='mQM-Abfrage'  height=\"978\" width=\"1000\"  itemprop=\"thumbnailUrl\"  \/><\/div><\/div><\/div><\/div>\n<\/div><\/div><\/div><!-- close content main div --><\/div><\/div><div id='after_section_2'  class='main_color av_default_container_wrap container_wrap fullsize'  ><div class='container av-section-cont-open' ><div class='template-page content  av-content-full alpha units'><div class='post-entry post-entry-type-page post-entry-3465'><div class='entry-content-wrapper clearfix'>\n\n<style type=\"text\/css\" data-created_by=\"avia_inline_auto\" id=\"style-css-av-baechl-0685feededf42db7c76c2f57451d0f43\">\n.flex_column.av-baechl-0685feededf42db7c76c2f57451d0f43{\nborder-radius:0px 0px 0px 0px;\npadding:0px 0px 0px 0px;\n}\n<\/style>\n<div  class='flex_column av-baechl-0685feededf42db7c76c2f57451d0f43 av_one_full  avia-builder-el-8  el_after_av_section  el_before_av_one_half  avia-builder-el-first  first flex_column_div av-zero-column-padding  '     ><style type=\"text\/css\" data-created_by=\"avia_inline_auto\" id=\"style-css-av-20bdt5-d0800d1a8a3ca71173611f44691e588e\">\n#top .av-special-heading.av-20bdt5-d0800d1a8a3ca71173611f44691e588e{\nmargin:0 0 0 0;\npadding-bottom:0;\n}\nbody .av-special-heading.av-20bdt5-d0800d1a8a3ca71173611f44691e588e .av-special-heading-tag .heading-char{\nfont-size:25px;\n}\n.av-special-heading.av-20bdt5-d0800d1a8a3ca71173611f44691e588e .av-subheading{\nfont-size:15px;\n}\n<\/style>\n<div  class='av-special-heading av-20bdt5-d0800d1a8a3ca71173611f44691e588e av-special-heading-h2  avia-builder-el-9  avia-builder-el-no-sibling '><h2 class='av-special-heading-tag '  itemprop=\"headline\"  >Unser Angebot<\/h2><div class=\"special-heading-border\"><div class=\"special-heading-inner-border\"><\/div><\/div><\/div><\/div>\n\n<style type=\"text\/css\" data-created_by=\"avia_inline_auto\" id=\"style-css-av-9peqgp-a0327df4d41867cf62f96e9f7ddee1a0\">\n.flex_column.av-9peqgp-a0327df4d41867cf62f96e9f7ddee1a0{\nborder-radius:0px 0px 0px 0px;\npadding:0px 0px 0px 0px;\n}\n<\/style>\n<div  class='flex_column av-9peqgp-a0327df4d41867cf62f96e9f7ddee1a0 av_one_half  avia-builder-el-10  el_after_av_one_full  el_before_av_one_half  first flex_column_div av-zero-column-padding  column-top-margin'     ><div  class='avia-icon-list-container av-jx1x7wsa-f7b262679ed939b55d1836357d20b7a9  avia-builder-el-11  avia-builder-el-no-sibling '><ul class='avia-icon-list avia_animate_when_almost_visible avia-icon-list-left av-iconlist-big av-jx1x7wsa-f7b262679ed939b55d1836357d20b7a9 avia-iconlist-animate'>\n<li><div class='iconlist_icon av-2j2r2x-efde06dd2c7577b2b21e1d9bfbc08f4b avia-font-entypo-fontello avia-iconfont avia-font-entypo-fontello'><span class='av-icon-char' data-av_icon='\ue854' data-av_iconfont='entypo-fontello' aria-hidden=\"true\"><\/span><\/div><article class=\"article-icon-entry \"  itemscope=\"itemscope\" itemtype=\"https:\/\/schema.org\/CreativeWork\" ><div class=\"iconlist_content_wrap\"><header class=\"entry-content-header\" aria-label=\"Icon: Erster Abstimmungstermin\"><h4 class='av_iconlist_title iconlist_title  '  itemprop=\"headline\" >Erster Abstimmungstermin<\/h4><\/header><div class='iconlist_content '  itemprop=\"text\" ><p>In einem ersten Termin, gerne auch im Rahmen einer Videokonferenz, kl\u00e4ren wir Ihre Aufgabenstellung und erl\u00e4utern unsere Vorgehensweise. Danach wissen Sie, was Sie von uns bekommen und welche Schritte Sie beitragen.<\/p>\n<\/div><\/div><footer class=\"entry-footer\"><\/footer><\/article><div class=\"iconlist-timeline\"><\/div><\/li>\n<li><div class='iconlist_icon av-2dw2eh-4f1a382d398678e6a093709c5962c874 avia-font-entypo-fontello avia-iconfont avia-font-entypo-fontello'><span class='av-icon-char' data-av_icon='\ue856' data-av_iconfont='entypo-fontello' aria-hidden=\"true\"><\/span><\/div><article class=\"article-icon-entry \"  itemscope=\"itemscope\" itemtype=\"https:\/\/schema.org\/CreativeWork\" ><div class=\"iconlist_content_wrap\"><header class=\"entry-content-header\" aria-label=\"Icon: Erstellen der Abfrage\"><h4 class='av_iconlist_title iconlist_title  '  itemprop=\"headline\" >Erstellen der Abfrage<\/h4><\/header><div class='iconlist_content '  itemprop=\"text\" ><p>In unserem Werkzeug legen wir die Abfrage an und erstellen einen Link, den Sie an die Teilnehmer versenden. Gerne unterbreiten wir Ihnen ein individuelles Angebot.<\/p>\n<\/div><\/div><footer class=\"entry-footer\"><\/footer><\/article><div class=\"iconlist-timeline\"><\/div><\/li>\n<li><div class='iconlist_icon av-2enprt-d265c6e0fc28b61a89af3813b7483628 avia-font-entypo-fontello avia-iconfont avia-font-entypo-fontello'><span class='av-icon-char' data-av_icon='\ue805' data-av_iconfont='entypo-fontello' aria-hidden=\"true\"><\/span><\/div><article class=\"article-icon-entry \"  itemscope=\"itemscope\" itemtype=\"https:\/\/schema.org\/CreativeWork\" ><div class=\"iconlist_content_wrap\"><header class=\"entry-content-header\" aria-label=\"Icon: Ank\u00fcndigung und Einladung\"><h4 class='av_iconlist_title iconlist_title  '  itemprop=\"headline\" >Ank\u00fcndigung und Einladung<\/h4><\/header><div class='iconlist_content '  itemprop=\"text\" ><p>Wir senden Ihnen Textentw\u00fcrfe f\u00fcr Ihre Email-Aussendung zu.<\/p>\n<ol>\n<li>Ank\u00fcndigung an die Teilnehmer: Grund f\u00fcr die Umfrage, Vorgehensweise, Datum der Abfrage<\/li>\n<li>Einladung mit dem Link auf die Webseite mit den beiden Fragen.<\/li>\n<\/ol>\n<p>WICHTIG: Sie versenden die Emails an die Teilnehmer. Wir sehen keinerlei Teilnehmerdaten. Die Webseite der FH Kufstein erfasst keine Verbindungsdaten. <strong>Garantierte Anonymit\u00e4t!<\/strong><\/p>\n<\/div><\/div><footer class=\"entry-footer\"><\/footer><\/article><div class=\"iconlist-timeline\"><\/div><\/li>\n<\/ul><\/div><\/div>\n\n<style type=\"text\/css\" data-created_by=\"avia_inline_auto\" id=\"style-css-av-9peqgp-4e695a028e31ec21bab81142dbaf69ba\">\n.flex_column.av-9peqgp-4e695a028e31ec21bab81142dbaf69ba{\nborder-radius:0px 0px 0px 0px;\npadding:0px 0px 0px 0px;\n}\n<\/style>\n<div  class='flex_column av-9peqgp-4e695a028e31ec21bab81142dbaf69ba av_one_half  avia-builder-el-12  el_after_av_one_half  el_before_av_section  avia-builder-el-last  flex_column_div av-zero-column-padding  column-top-margin'     ><div  class='avia-icon-list-container av-jx1x7wsa-f7b262679ed939b55d1836357d20b7a9  avia-builder-el-13  avia-builder-el-no-sibling '><ul class='avia-icon-list avia_animate_when_almost_visible avia-icon-list-left av-iconlist-big av-jx1x7wsa-f7b262679ed939b55d1836357d20b7a9 avia-iconlist-animate'>\n<li><div class='iconlist_icon av-39hjh5-b131c50de02f5370fcd71ca9429bf8a9 avia-font-entypo-fontello avia-iconfont avia-font-entypo-fontello'><span class='av-icon-char' data-av_icon='\ue84e' data-av_iconfont='entypo-fontello' aria-hidden=\"true\"><\/span><\/div><article class=\"article-icon-entry \"  itemscope=\"itemscope\" itemtype=\"https:\/\/schema.org\/CreativeWork\" ><div class=\"iconlist_content_wrap\"><header class=\"entry-content-header\" aria-label=\"Icon: Ergebnispr\u00e4sentation\"><h4 class='av_iconlist_title iconlist_title  '  itemprop=\"headline\" >Ergebnispr\u00e4sentation<\/h4><\/header><div class='iconlist_content '  itemprop=\"text\" ><p>Sie erhalten eine Pr\u00e4sentation mit folgenden Inhalten:<\/p>\n<ol>\n<li>Quantitative Bewertung (Grafik)<\/li>\n<li>Wordcloud zu den Themen der Teilnehmer<\/li>\n<li>Quantitative \u00dcbersicht der Themen \u2013 positiv und negativ<\/li>\n<li>Liste der konkreten Hinweise pro Thema<\/li>\n<li>Liste der einzelnen Meinungen<\/li>\n<\/ol>\n<\/div><\/div><footer class=\"entry-footer\"><\/footer><\/article><div class=\"iconlist-timeline\"><\/div><\/li>\n<li><div class='iconlist_icon av-av_iconlist_item-1a49f5672fa69fbb524803490dfb7e80 avia-font-medical avia-iconfont avia-font-medical'><span class='av-icon-char' data-av_icon='\uf107' data-av_iconfont='medical' aria-hidden=\"true\"><\/span><\/div><article class=\"article-icon-entry \"  itemscope=\"itemscope\" itemtype=\"https:\/\/schema.org\/CreativeWork\" ><div class=\"iconlist_content_wrap\"><header class=\"entry-content-header\" aria-label=\"Icon: Durchsprache der Ergebnisse\"><h4 class='av_iconlist_title iconlist_title  '  itemprop=\"headline\" >Durchsprache der Ergebnisse<\/h4><\/header><div class='iconlist_content '  itemprop=\"text\" ><p>In einem gemeinsamen Termin kl\u00e4ren wir Ihre Fragen und erl\u00e4utern die Erkenntnisse.<\/p>\n<\/div><\/div><footer class=\"entry-footer\"><\/footer><\/article><div class=\"iconlist-timeline\"><\/div><\/li>\n<li><div class='iconlist_icon av-av_iconlist_item-b1592cfb5370580a04173c656599c743 avia-font-entypo-fontello avia-iconfont avia-font-entypo-fontello'><span class='av-icon-char' data-av_icon='\ue857' data-av_iconfont='entypo-fontello' aria-hidden=\"true\"><\/span><\/div><article class=\"article-icon-entry \"  itemscope=\"itemscope\" itemtype=\"https:\/\/schema.org\/CreativeWork\" ><div class=\"iconlist_content_wrap\"><header class=\"entry-content-header\" aria-label=\"Icon: Feedback an Ihre Kunden\"><h4 class='av_iconlist_title iconlist_title  '  itemprop=\"headline\" >Feedback an Ihre Kunden<\/h4><\/header><div class='iconlist_content '  itemprop=\"text\" ><p>Abschlie\u00dfend senden wir Ihnen den Entwurf einer Feedback-Email zum Versand an die Teilnehmer.<\/p>\n<p>Sie k\u00f6nnen St\u00e4rken nutzen, sich sichtbar verbessern und kommunizieren &#8211; und damit die Bindung st\u00e4rken.<\/p>\n<\/div><\/div><footer class=\"entry-footer\"><\/footer><\/article><div class=\"iconlist-timeline\"><\/div><\/li>\n<\/ul><\/div><\/div><\/div><\/div><\/div><!-- close content main div --><\/div><\/div><div id='av_section_3'  class='avia-section av-jx6aiplv-828a3302b6b62c875b8712a27520ab03 alternate_color avia-section-default avia-no-border-styling  avia-builder-el-14  el_after_av_one_half  el_before_av_one_full  avia-bg-style-scroll container_wrap fullsize'  ><div class='container av-section-cont-open' ><div class='template-page content  av-content-full alpha units'><div class='post-entry post-entry-type-page post-entry-3465'><div class='entry-content-wrapper clearfix'>\n\n<style type=\"text\/css\" data-created_by=\"avia_inline_auto\" id=\"style-css-av-baechl-ea8dd71470298e9d89ceb8b3813ca9d2\">\n.flex_column.av-baechl-ea8dd71470298e9d89ceb8b3813ca9d2{\nborder-radius:0px 0px 0px 0px;\npadding:0px 0px 0px 0px;\n}\n<\/style>\n<div  class='flex_column av-baechl-ea8dd71470298e9d89ceb8b3813ca9d2 av_one_full  avia-builder-el-15  el_before_av_one_half  avia-builder-el-first  first flex_column_div av-zero-column-padding  '     ><style type=\"text\/css\" data-created_by=\"avia_inline_auto\" id=\"style-css-av-k6hpsa9i-2601f32a679aa63674a292b6fffc4bac\">\n#top .av-special-heading.av-k6hpsa9i-2601f32a679aa63674a292b6fffc4bac{\nmargin:0 0 0 0;\npadding-bottom:0;\n}\nbody .av-special-heading.av-k6hpsa9i-2601f32a679aa63674a292b6fffc4bac .av-special-heading-tag .heading-char{\nfont-size:25px;\n}\n.av-special-heading.av-k6hpsa9i-2601f32a679aa63674a292b6fffc4bac .av-subheading{\nfont-size:15px;\n}\n<\/style>\n<div  class='av-special-heading av-k6hpsa9i-2601f32a679aa63674a292b6fffc4bac av-special-heading-h2  avia-builder-el-16  avia-builder-el-no-sibling '><h2 class='av-special-heading-tag '  itemprop=\"headline\"  >Beispiel einer Ergebnispr\u00e4sentation (Ausschnitt)<\/h2><div class=\"special-heading-border\"><div class=\"special-heading-inner-border\"><\/div><\/div><\/div><\/div>\n<style type=\"text\/css\" data-created_by=\"avia_inline_auto\" id=\"style-css-av-9peqgp-a0327df4d41867cf62f96e9f7ddee1a0\">\n.flex_column.av-9peqgp-a0327df4d41867cf62f96e9f7ddee1a0{\nborder-radius:0px 0px 0px 0px;\npadding:0px 0px 0px 0px;\n}\n<\/style>\n<div  class='flex_column av-9peqgp-a0327df4d41867cf62f96e9f7ddee1a0 av_one_half  avia-builder-el-17  el_after_av_one_full  el_before_av_one_half  first flex_column_div av-zero-column-padding  column-top-margin'     ><style type=\"text\/css\" data-created_by=\"avia_inline_auto\" id=\"style-css-av-jzqlh0j8-d18df44da1c7d9320bef6d0105e5eca0\">\n.avia-image-container.av-jzqlh0j8-d18df44da1c7d9320bef6d0105e5eca0 img.avia_image{\nbox-shadow:none;\n}\n.avia-image-container.av-jzqlh0j8-d18df44da1c7d9320bef6d0105e5eca0 .av-caption-image-overlay-bg{\nopacity:0.4;\nbackground-color:#000000;\n}\n.avia-image-container.av-jzqlh0j8-d18df44da1c7d9320bef6d0105e5eca0 .av-image-caption-overlay-center{\ncolor:#ffffff;\n}\n<\/style>\n<div  class='avia-image-container av-jzqlh0j8-d18df44da1c7d9320bef6d0105e5eca0 av-styling- avia-align-center  avia-builder-el-18  avia-builder-el-no-sibling  noHover av-overlay-on-hover'   itemprop=\"image\" itemscope=\"itemscope\" itemtype=\"https:\/\/schema.org\/ImageObject\" ><div class=\"avia-image-container-inner\"><div class=\"avia-image-overlay-wrap\"><div class=\"av-image-caption-overlay\"><div class=\"av-caption-image-overlay-bg\"><\/div><div class=\"av-image-caption-overlay-position\"><div class=\"av-image-caption-overlay-center\"><p>Verteilung der Antworten<\/p>\n<\/div><\/div><\/div><img fetchpriority=\"high\" class='wp-image-4569 avia-img-lazy-loading-not-4569 avia_image ' src='https:\/\/myquickmessage.com\/wp-content\/uploads\/2019\/08\/Auswertung1.png' alt='' title='Auswertung1'  height=\"518\" width=\"1000\"  itemprop=\"thumbnailUrl\"  \/><\/div><\/div><\/div><\/div>\n<style type=\"text\/css\" data-created_by=\"avia_inline_auto\" id=\"style-css-av-9peqgp-4e695a028e31ec21bab81142dbaf69ba\">\n.flex_column.av-9peqgp-4e695a028e31ec21bab81142dbaf69ba{\nborder-radius:0px 0px 0px 0px;\npadding:0px 0px 0px 0px;\n}\n<\/style>\n<div  class='flex_column av-9peqgp-4e695a028e31ec21bab81142dbaf69ba av_one_half  avia-builder-el-19  el_after_av_one_half  avia-builder-el-last  flex_column_div av-zero-column-padding  column-top-margin'     ><style type=\"text\/css\" data-created_by=\"avia_inline_auto\" id=\"style-css-av-jzqlh0j8-53529bf61afd43ced57a82aadb937347\">\n.avia-image-container.av-jzqlh0j8-53529bf61afd43ced57a82aadb937347 img.avia_image{\nbox-shadow:none;\n}\n.avia-image-container.av-jzqlh0j8-53529bf61afd43ced57a82aadb937347 .av-caption-image-overlay-bg{\nopacity:0.4;\nbackground-color:#000000;\n}\n.avia-image-container.av-jzqlh0j8-53529bf61afd43ced57a82aadb937347 .av-image-caption-overlay-center{\ncolor:#ffffff;\n}\n<\/style>\n<div  class='avia-image-container av-jzqlh0j8-53529bf61afd43ced57a82aadb937347 av-styling- avia-align-center  avia-builder-el-20  avia-builder-el-no-sibling  noHover av-overlay-on-hover'   itemprop=\"image\" itemscope=\"itemscope\" itemtype=\"https:\/\/schema.org\/ImageObject\" ><div class=\"avia-image-container-inner\"><div class=\"avia-image-overlay-wrap\"><div class=\"av-image-caption-overlay\"><div class=\"av-caption-image-overlay-bg\"><\/div><div class=\"av-image-caption-overlay-position\"><div class=\"av-image-caption-overlay-center\"><p>Wortwolke<\/p>\n<\/div><\/div><\/div><img fetchpriority=\"high\" class='wp-image-4583 avia-img-lazy-loading-not-4583 avia_image ' src='https:\/\/myquickmessage.com\/wp-content\/uploads\/2019\/08\/Auswertung2.png' alt='' title='Auswertung2'  height=\"512\" width=\"1000\"  itemprop=\"thumbnailUrl\"  \/><\/div><\/div><\/div><\/div>\n<\/div><\/div><\/div><!-- close content main div --><\/div><\/div><div id='after_section_3'  class='main_color av_default_container_wrap container_wrap fullsize'  ><div class='container av-section-cont-open' ><div class='template-page content  av-content-full alpha units'><div class='post-entry post-entry-type-page post-entry-3465'><div class='entry-content-wrapper clearfix'><\/p>\n\n<style type=\"text\/css\" data-created_by=\"avia_inline_auto\" id=\"style-css-av-9tq5l-062d621d7d7a2531af824b1d390bd4c3\">\n.flex_column.av-9tq5l-062d621d7d7a2531af824b1d390bd4c3{\nborder-radius:0px 0px 0px 0px;\npadding:0px 0px 0px 0px;\n}\n<\/style>\n<div  class='flex_column av-9tq5l-062d621d7d7a2531af824b1d390bd4c3 av_one_full  avia-builder-el-21  el_after_av_section  avia-builder-el-no-sibling  first flex_column_div av-zero-column-padding  '     ><section  class='av_textblock_section av-jzo7ydnf-3ae797a7875226cb4fc6815a8e0ada9d '   itemscope=\"itemscope\" itemtype=\"https:\/\/schema.org\/CreativeWork\" ><div class='avia_textblock'  itemprop=\"text\" ><p>Wir freuen uns auf Ihren Anruf oder Ihre Email-Anfrage. <u><a href=\"mailto:eckhard.muenchow@myquickmessage.com\">Eckhard von M\u00fcnchow<\/a><\/u> und <u><a href=\"mailto:matthias.fladner@myquickmessage.com\">Matthias Fladner<\/a><\/u><\/p>\n<\/div><\/section><\/div>\n","protected":false},"excerpt":{"rendered":"","protected":false},"author":1,"featured_media":0,"parent":0,"menu_order":0,"comment_status":"closed","ping_status":"closed","template":"","meta":{"footnotes":""},"class_list":["post-3465","page","type-page","status-publish","hentry"],"_links":{"self":[{"href":"https:\/\/myquickmessage.com\/index.php?rest_route=\/wp\/v2\/pages\/3465","targetHints":{"allow":["GET"]}}],"collection":[{"href":"https:\/\/myquickmessage.com\/index.php?rest_route=\/wp\/v2\/pages"}],"about":[{"href":"https:\/\/myquickmessage.com\/index.php?rest_route=\/wp\/v2\/types\/page"}],"author":[{"embeddable":true,"href":"https:\/\/myquickmessage.com\/index.php?rest_route=\/wp\/v2\/users\/1"}],"replies":[{"embeddable":true,"href":"https:\/\/myquickmessage.com\/index.php?rest_route=%2Fwp%2Fv2%2Fcomments&post=3465"}],"version-history":[{"count":88,"href":"https:\/\/myquickmessage.com\/index.php?rest_route=\/wp\/v2\/pages\/3465\/revisions"}],"predecessor-version":[{"id":5150,"href":"https:\/\/myquickmessage.com\/index.php?rest_route=\/wp\/v2\/pages\/3465\/revisions\/5150"}],"wp:attachment":[{"href":"https:\/\/myquickmessage.com\/index.php?rest_route=%2Fwp%2Fv2%2Fmedia&parent=3465"}],"curies":[{"name":"wp","href":"https:\/\/api.w.org\/{rel}","templated":true}]}}